{"id":2604,"date":"2022-06-21T16:56:15","date_gmt":"2022-06-21T14:56:15","guid":{"rendered":"https:\/\/groupepawo.cluster011.ovh.net\/?page_id=2604"},"modified":"2022-06-23T15:49:16","modified_gmt":"2022-06-23T13:49:16","slug":"debouchage-assistance","status":"publish","type":"page","link":"https:\/\/www.groupepare.com\/index.php\/debouchage-assistance\/","title":{"rendered":"D\u00e9bouchage-Assistance"},"content":{"rendered":"\t\t<div data-elementor-type=\"wp-page\" data-elementor-id=\"2604\" class=\"elementor elementor-2604\" data-elementor-post-type=\"page\">\n\t\t\t\t\t\t<section class=\"elementor-section elementor-top-section elementor-element elementor-element-56b247c1 elementor-section-boxed elementor-section-height-default elementor-section-height-default\" data-id=\"56b247c1\" data-element_type=\"section\" data-e-type=\"section\">\n\t\t\t\t\t\t<div class=\"elementor-container elementor-column-gap-default\">\n\t\t\t\t\t<div class=\"elementor-column elementor-col-100 elementor-top-column elementor-element elementor-element-2c3de073\" data-id=\"2c3de073\" data-element_type=\"column\" data-e-type=\"column\">\n\t\t\t<div class=\"elementor-widget-wrap elementor-element-populated\">\n\t\t\t\t\t\t<section class=\"elementor-section elementor-inner-section elementor-element elementor-element-921f2e0 elementor-section-boxed elementor-section-height-default elementor-section-height-default\" data-id=\"921f2e0\" data-element_type=\"section\" data-e-type=\"section\">\n\t\t\t\t\t\t<div class=\"elementor-container elementor-column-gap-default\">\n\t\t\t\t\t<div class=\"elementor-column elementor-col-50 elementor-inner-column elementor-element elementor-element-3cb7172\" data-id=\"3cb7172\" data-element_type=\"column\" data-e-type=\"column\">\n\t\t\t<div class=\"elementor-widget-wrap elementor-element-populated\">\n\t\t\t\t\t\t<div class=\"elementor-element elementor-element-63cb217 elementor-widget elementor-widget-text-editor\" data-id=\"63cb217\" data-element_type=\"widget\" data-e-type=\"widget\" data-widget_type=\"text-editor.default\">\n\t\t\t\t<div class=\"elementor-widget-container\">\n\t\t\t\t\t\t\t\t\t<img fetchpriority=\"high\" decoding=\"async\" src=\"\/wp-content\/uploads\/2022\/06\/debouchage-min.png\" alt=\"Assainissement, d\u00e9bouchage, curage et vidange de canalisations\" width=\"300\" height=\"300\" \/>\n<h2>Assainissement, d\u00e9bouchage, curage et vidange de canalisations<\/h2>\t\t\t\t\t\t\t\t<\/div>\n\t\t\t\t<\/div>\n\t\t\t\t\t<\/div>\n\t\t<\/div>\n\t\t\t\t<div class=\"elementor-column elementor-col-50 elementor-inner-column elementor-element elementor-element-9bc9766\" data-id=\"9bc9766\" data-element_type=\"column\" data-e-type=\"column\">\n\t\t\t<div class=\"elementor-widget-wrap elementor-element-populated\">\n\t\t\t\t\t\t<div class=\"elementor-element elementor-element-5f849f5 elementor-widget elementor-widget-text-editor\" data-id=\"5f849f5\" data-element_type=\"widget\" data-e-type=\"widget\" data-widget_type=\"text-editor.default\">\n\t\t\t\t<div class=\"elementor-widget-container\">\n\t\t\t\t\t\t\t\t\t<img decoding=\"async\" src=\"\/wp-content\/uploads\/2022\/06\/plomberie.png\" alt=\"Plomberie\" width=\"300\" height=\"300\" \/>\n<h2>Plomberie<\/h2>\t\t\t\t\t\t\t\t<\/div>\n\t\t\t\t<\/div>\n\t\t\t\t\t<\/div>\n\t\t<\/div>\n\t\t\t\t\t<\/div>\n\t\t<\/section>\n\t\t\t\t<section class=\"elementor-section elementor-inner-section elementor-element elementor-element-632b78b elementor-section-boxed elementor-section-height-default elementor-section-height-default\" data-id=\"632b78b\" data-element_type=\"section\" data-e-type=\"section\">\n\t\t\t\t\t\t<div class=\"elementor-container elementor-column-gap-default\">\n\t\t\t\t\t<div class=\"elementor-column elementor-col-50 elementor-inner-column elementor-element elementor-element-106eaed\" data-id=\"106eaed\" data-element_type=\"column\" data-e-type=\"column\">\n\t\t\t<div class=\"elementor-widget-wrap elementor-element-populated\">\n\t\t\t\t\t\t<div class=\"elementor-element elementor-element-9e40bc1 elementor-widget elementor-widget-text-editor\" data-id=\"9e40bc1\" data-element_type=\"widget\" data-e-type=\"widget\" data-widget_type=\"text-editor.default\">\n\t\t\t\t<div class=\"elementor-widget-container\">\n\t\t\t\t\t\t\t\t\t<img decoding=\"async\" src=\"\/wp-content\/uploads\/2022\/06\/inspection-video-canalisations.png\" alt=\"Inspection vid\u00e9o et radiod\u00e9tection de canalisations\" width=\"300\" height=\"300\" \/>\n<h2>Inspection vid\u00e9o et radiod\u00e9tection de canalisations<\/h2>\t\t\t\t\t\t\t\t<\/div>\n\t\t\t\t<\/div>\n\t\t\t\t\t<\/div>\n\t\t<\/div>\n\t\t\t\t<div class=\"elementor-column elementor-col-50 elementor-inner-column elementor-element elementor-element-cc7b277\" data-id=\"cc7b277\" data-element_type=\"column\" data-e-type=\"column\">\n\t\t\t<div class=\"elementor-widget-wrap elementor-element-populated\">\n\t\t\t\t\t\t<div class=\"elementor-element elementor-element-852d27c elementor-widget elementor-widget-text-editor\" data-id=\"852d27c\" data-element_type=\"widget\" data-e-type=\"widget\" data-widget_type=\"text-editor.default\">\n\t\t\t\t<div class=\"elementor-widget-container\">\n\t\t\t\t\t\t\t\t\t<img loading=\"lazy\" decoding=\"async\" src=\"\/wp-content\/uploads\/2022\/06\/recherche-fuites.png\" alt=\"Recherche de fuites (y compris piscines)\" width=\"300\" height=\"300\" \/>\n<h2>Recherche de fuites (y compris piscines)<\/h2>\t\t\t\t\t\t\t\t<\/div>\n\t\t\t\t<\/div>\n\t\t\t\t\t<\/div>\n\t\t<\/div>\n\t\t\t\t\t<\/div>\n\t\t<\/section>\n\t\t\t\t\t<\/div>\n\t\t<\/div>\n\t\t\t\t\t<\/div>\n\t\t<\/section>\n\t\t\t\t<\/div>\n\t\t","protected":false},"excerpt":{"rendered":"<p>Assainissement, d\u00e9bouchage, curage et vidange de canalisations Plomberie Inspection vid\u00e9o et radiod\u00e9tection de canalisations Recherche de fuites (y compris piscines)<\/p>\n","protected":false},"author":1,"featured_media":0,"parent":0,"menu_order":0,"comment_status":"closed","ping_status":"closed","template":"","meta":{"_monsterinsights_skip_tracking":false,"_monsterinsights_sitenote_active":false,"_monsterinsights_sitenote_note":"","_monsterinsights_sitenote_category":0,"footnotes":""},"class_list":["post-2604","page","type-page","status-publish","hentry"],"yoast_head":"<!-- This site is optimized with the Yoast SEO plugin v27.4 - https:\/\/yoast.com\/product\/yoast-seo-wordpress\/ -->\n<title>D\u00e9bouchage-Assistance - Groupe Par\u00e9<\/title>\n<meta name=\"description\" content=\"D\u00e9bouchage Assistance \u00e0 Toulon : Assainissement, d\u00e9bouchage, curage et vidange de canalisations, Plomberie, Inspection vid\u00e9o et radiod\u00e9tection de canalisations\" \/>\n<meta name=\"robots\" content=\"index, follow, max-snippet:-1, max-image-preview:large, max-video-preview:-1\" \/>\n<link rel=\"canonical\" href=\"https:\/\/www.groupepare.com\/index.php\/debouchage-assistance\/\" \/>\n<meta property=\"og:locale\" content=\"fr_FR\" \/>\n<meta property=\"og:type\" content=\"article\" \/>\n<meta property=\"og:title\" content=\"D\u00e9bouchage-Assistance - Groupe Par\u00e9\" \/>\n<meta property=\"og:description\" content=\"D\u00e9bouchage Assistance \u00e0 Toulon : Assainissement, d\u00e9bouchage, curage et vidange de canalisations, Plomberie, Inspection vid\u00e9o et radiod\u00e9tection de canalisations\" \/>\n<meta property=\"og:url\" content=\"https:\/\/www.groupepare.com\/index.php\/debouchage-assistance\/\" \/>\n<meta property=\"og:site_name\" content=\"Groupe Par\u00e9\" \/>\n<meta property=\"article:modified_time\" content=\"2022-06-23T13:49:16+00:00\" \/>\n<meta name=\"twitter:card\" content=\"summary_large_image\" \/>\n<meta name=\"twitter:label1\" content=\"Dur\u00e9e de lecture estim\u00e9e\" \/>\n\t<meta name=\"twitter:data1\" content=\"1 minute\" \/>\n<script type=\"application\/ld+json\" class=\"yoast-schema-graph\">{\"@context\":\"https:\\\/\\\/schema.org\",\"@graph\":[{\"@type\":\"WebPage\",\"@id\":\"https:\\\/\\\/www.groupepare.com\\\/index.php\\\/debouchage-assistance\\\/\",\"url\":\"https:\\\/\\\/www.groupepare.com\\\/index.php\\\/debouchage-assistance\\\/\",\"name\":\"D\u00e9bouchage-Assistance - Groupe Par\u00e9\",\"isPartOf\":{\"@id\":\"https:\\\/\\\/www.groupepare.com\\\/#website\"},\"datePublished\":\"2022-06-21T14:56:15+00:00\",\"dateModified\":\"2022-06-23T13:49:16+00:00\",\"description\":\"D\u00e9bouchage Assistance \u00e0 Toulon : Assainissement, d\u00e9bouchage, curage et vidange de canalisations, Plomberie, Inspection vid\u00e9o et radiod\u00e9tection de canalisations\",\"breadcrumb\":{\"@id\":\"https:\\\/\\\/www.groupepare.com\\\/index.php\\\/debouchage-assistance\\\/#breadcrumb\"},\"inLanguage\":\"fr-FR\",\"potentialAction\":[{\"@type\":\"ReadAction\",\"target\":[\"https:\\\/\\\/www.groupepare.com\\\/index.php\\\/debouchage-assistance\\\/\"]}]},{\"@type\":\"BreadcrumbList\",\"@id\":\"https:\\\/\\\/www.groupepare.com\\\/index.php\\\/debouchage-assistance\\\/#breadcrumb\",\"itemListElement\":[{\"@type\":\"ListItem\",\"position\":1,\"name\":\"Accueil\",\"item\":\"https:\\\/\\\/www.groupepare.com\\\/\"},{\"@type\":\"ListItem\",\"position\":2,\"name\":\"D\u00e9bouchage-Assistance\"}]},{\"@type\":\"WebSite\",\"@id\":\"https:\\\/\\\/www.groupepare.com\\\/#website\",\"url\":\"https:\\\/\\\/www.groupepare.com\\\/\",\"name\":\"Groupe Par\u00e9\",\"description\":\"Traitement 3D, Assainissement, Bo\u00eetes aux lettres \u00e0 Toulon\",\"publisher\":{\"@id\":\"https:\\\/\\\/www.groupepare.com\\\/#organization\"},\"potentialAction\":[{\"@type\":\"SearchAction\",\"target\":{\"@type\":\"EntryPoint\",\"urlTemplate\":\"https:\\\/\\\/www.groupepare.com\\\/?s={search_term_string}\"},\"query-input\":{\"@type\":\"PropertyValueSpecification\",\"valueRequired\":true,\"valueName\":\"search_term_string\"}}],\"inLanguage\":\"fr-FR\"},{\"@type\":\"Organization\",\"@id\":\"https:\\\/\\\/www.groupepare.com\\\/#organization\",\"name\":\"Groupe Par\u00e9\",\"url\":\"https:\\\/\\\/www.groupepare.com\\\/\",\"logo\":{\"@type\":\"ImageObject\",\"inLanguage\":\"fr-FR\",\"@id\":\"https:\\\/\\\/www.groupepare.com\\\/#\\\/schema\\\/logo\\\/image\\\/\",\"url\":\"https:\\\/\\\/www.groupepare.com\\\/wp-content\\\/uploads\\\/2021\\\/06\\\/Groupe-Pare-logo-200px.png\",\"contentUrl\":\"https:\\\/\\\/www.groupepare.com\\\/wp-content\\\/uploads\\\/2021\\\/06\\\/Groupe-Pare-logo-200px.png\",\"width\":200,\"height\":200,\"caption\":\"Groupe Par\u00e9\"},\"image\":{\"@id\":\"https:\\\/\\\/www.groupepare.com\\\/#\\\/schema\\\/logo\\\/image\\\/\"}}]}<\/script>\n<!-- \/ Yoast SEO plugin. -->","yoast_head_json":{"title":"D\u00e9bouchage-Assistance - Groupe Par\u00e9","description":"D\u00e9bouchage Assistance \u00e0 Toulon : Assainissement, d\u00e9bouchage, curage et vidange de canalisations, Plomberie, Inspection vid\u00e9o et radiod\u00e9tection de canalisations","robots":{"index":"index","follow":"follow","max-snippet":"max-snippet:-1","max-image-preview":"max-image-preview:large","max-video-preview":"max-video-preview:-1"},"canonical":"https:\/\/www.groupepare.com\/index.php\/debouchage-assistance\/","og_locale":"fr_FR","og_type":"article","og_title":"D\u00e9bouchage-Assistance - Groupe Par\u00e9","og_description":"D\u00e9bouchage Assistance \u00e0 Toulon : Assainissement, d\u00e9bouchage, curage et vidange de canalisations, Plomberie, Inspection vid\u00e9o et radiod\u00e9tection de canalisations","og_url":"https:\/\/www.groupepare.com\/index.php\/debouchage-assistance\/","og_site_name":"Groupe Par\u00e9","article_modified_time":"2022-06-23T13:49:16+00:00","twitter_card":"summary_large_image","twitter_misc":{"Dur\u00e9e de lecture estim\u00e9e":"1 minute"},"schema":{"@context":"https:\/\/schema.org","@graph":[{"@type":"WebPage","@id":"https:\/\/www.groupepare.com\/index.php\/debouchage-assistance\/","url":"https:\/\/www.groupepare.com\/index.php\/debouchage-assistance\/","name":"D\u00e9bouchage-Assistance - Groupe Par\u00e9","isPartOf":{"@id":"https:\/\/www.groupepare.com\/#website"},"datePublished":"2022-06-21T14:56:15+00:00","dateModified":"2022-06-23T13:49:16+00:00","description":"D\u00e9bouchage Assistance \u00e0 Toulon : Assainissement, d\u00e9bouchage, curage et vidange de canalisations, Plomberie, Inspection vid\u00e9o et radiod\u00e9tection de canalisations","breadcrumb":{"@id":"https:\/\/www.groupepare.com\/index.php\/debouchage-assistance\/#breadcrumb"},"inLanguage":"fr-FR","potentialAction":[{"@type":"ReadAction","target":["https:\/\/www.groupepare.com\/index.php\/debouchage-assistance\/"]}]},{"@type":"BreadcrumbList","@id":"https:\/\/www.groupepare.com\/index.php\/debouchage-assistance\/#breadcrumb","itemListElement":[{"@type":"ListItem","position":1,"name":"Accueil","item":"https:\/\/www.groupepare.com\/"},{"@type":"ListItem","position":2,"name":"D\u00e9bouchage-Assistance"}]},{"@type":"WebSite","@id":"https:\/\/www.groupepare.com\/#website","url":"https:\/\/www.groupepare.com\/","name":"Groupe Par\u00e9","description":"Traitement 3D, Assainissement, Bo\u00eetes aux lettres \u00e0 Toulon","publisher":{"@id":"https:\/\/www.groupepare.com\/#organization"},"potentialAction":[{"@type":"SearchAction","target":{"@type":"EntryPoint","urlTemplate":"https:\/\/www.groupepare.com\/?s={search_term_string}"},"query-input":{"@type":"PropertyValueSpecification","valueRequired":true,"valueName":"search_term_string"}}],"inLanguage":"fr-FR"},{"@type":"Organization","@id":"https:\/\/www.groupepare.com\/#organization","name":"Groupe Par\u00e9","url":"https:\/\/www.groupepare.com\/","logo":{"@type":"ImageObject","inLanguage":"fr-FR","@id":"https:\/\/www.groupepare.com\/#\/schema\/logo\/image\/","url":"https:\/\/www.groupepare.com\/wp-content\/uploads\/2021\/06\/Groupe-Pare-logo-200px.png","contentUrl":"https:\/\/www.groupepare.com\/wp-content\/uploads\/2021\/06\/Groupe-Pare-logo-200px.png","width":200,"height":200,"caption":"Groupe Par\u00e9"},"image":{"@id":"https:\/\/www.groupepare.com\/#\/schema\/logo\/image\/"}}]}},"_links":{"self":[{"href":"https:\/\/www.groupepare.com\/index.php\/wp-json\/wp\/v2\/pages\/2604","targetHints":{"allow":["GET"]}}],"collection":[{"href":"https:\/\/www.groupepare.com\/index.php\/wp-json\/wp\/v2\/pages"}],"about":[{"href":"https:\/\/www.groupepare.com\/index.php\/wp-json\/wp\/v2\/types\/page"}],"author":[{"embeddable":true,"href":"https:\/\/www.groupepare.com\/index.php\/wp-json\/wp\/v2\/users\/1"}],"replies":[{"embeddable":true,"href":"https:\/\/www.groupepare.com\/index.php\/wp-json\/wp\/v2\/comments?post=2604"}],"version-history":[{"count":10,"href":"https:\/\/www.groupepare.com\/index.php\/wp-json\/wp\/v2\/pages\/2604\/revisions"}],"predecessor-version":[{"id":2661,"href":"https:\/\/www.groupepare.com\/index.php\/wp-json\/wp\/v2\/pages\/2604\/revisions\/2661"}],"wp:attachment":[{"href":"https:\/\/www.groupepare.com\/index.php\/wp-json\/wp\/v2\/media?parent=2604"}],"curies":[{"name":"wp","href":"https:\/\/api.w.org\/{rel}","templated":true}]}}