{"id":2687,"date":"2022-08-04T16:18:28","date_gmt":"2022-08-04T14:18:28","guid":{"rendered":"https:\/\/www.groupepare.com\/?page_id=2687"},"modified":"2022-08-04T17:07:25","modified_gmt":"2022-08-04T15:07:25","slug":"mentions-legales","status":"publish","type":"page","link":"https:\/\/www.groupepare.com\/index.php\/a-propos-du-groupe-pare\/mentions-legales\/","title":{"rendered":"Mentions l\u00e9gales"},"content":{"rendered":"\n<p>L\u2019acc\u00e8s et l\u2019utilisation du site internet de la soci\u00e9t\u00e9 Groupe Par\u00e9 sont soumis aux conditions g\u00e9n\u00e9rales suivantes (collectivement d\u00e9sign\u00e9es \u00ab Mentions l\u00e9gales \u00bb). L\u2019acc\u00e8s et l\u2019utilisation du site internet de la soci\u00e9t\u00e9 Groupe Par\u00e9 impliquent l\u2019acceptation de la version des mentions l\u00e9gales en vigueur au moment de l\u2019acc\u00e8s. La soci\u00e9t\u00e9 Groupe Par\u00e9 se r\u00e9serve le droit de modifier de temps en temps les Mentions l\u00e9gales, \u00e0 sa propre discr\u00e9tion et sans obligation de pr\u00e9avis. La poursuite de l\u2019utilisation de ce site internet est consid\u00e9r\u00e9e comme une acceptation des Mentions l\u00e9gales modifi\u00e9es. Il vous incombe de vous informer des Mentions l\u00e9gales en vigueur au moment de l\u2019acc\u00e8s \u00e0 ce logiciel et de son utilisation. En cas de violation des conditions g\u00e9n\u00e9rales des pr\u00e9sentes Mentions l\u00e9gales, votre autorisation d\u2019utilisation du site internet est automatiquement annul\u00e9e.<\/p>\n\n\n\n<h3 class=\"wp-block-heading\">Copyright<\/h3>\n\n\n\n<p>Le contenu et la structure de ce site internet sont d\u00e9tenus, en pleine propri\u00e9t\u00e9 ou sous licence, par la soci\u00e9t\u00e9 Groupe Par\u00e9 et sont prot\u00e9g\u00e9s par la l\u00e9gislation sur les droits d\u2019auteur et les droits de propri\u00e9t\u00e9 intellectuelle. Toute autorisation non autoris\u00e9e du contenu du site est susceptible de constituer une violation de telles lois. Tous les droits non express\u00e9ment accord\u00e9s dans les pr\u00e9sentes sont r\u00e9serv\u00e9s. La reproduction, le transfert, la distribution et\/ou le stockage d\u2019une partie ou de l\u2019int\u00e9gralit\u00e9 du site internet, de quelque fa\u00e7on que ce soit, sans l\u2019autorisation \u00e9crite pr\u00e9alable de la soci\u00e9t\u00e9 Groupe Par\u00e9, sont interdits. Vous pouvez demander une autorisation via ce <a href=\"https:\/\/www.groupepare.com\/index.php\/contact\/\">formulaire<\/a>.<\/p>\n\n\n\n<p>\u00c0 l\u2019exception des pages portant la mention \u00ab Imprimer cette page \u00bb, vous n\u2019\u00eates autoris\u00e9 \u00e0 imprimer qu\u2019une seule copie du contenu \u00e0 usage priv\u00e9, non commercial, sous r\u00e9serve que toutes les copies de ces documents conservent les mentions de copyright ou de propri\u00e9t\u00e9 et toute clause de non-responsabilit\u00e9 y figurant.<\/p>\n\n\n\n<h3 class=\"wp-block-heading\">Noms commerciaux \/ Marques de commerce<\/h3>\n\n\n\n<p>Les noms commerciaux, les marques de commerce, les logos et les illustrations figurant sur ce site internet et appartenant \u00e0 la soci\u00e9t\u00e9 Groupe Par\u00e9, actuellement ou \u00e0 une date ult\u00e9rieure, sont\/seront la propri\u00e9t\u00e9 exclusive de la soci\u00e9t\u00e9 Groupe Par\u00e9 ou de ses soci\u00e9t\u00e9s affili\u00e9es, ou leur sont\/seront c\u00e9d\u00e9s sous licence. Votre acc\u00e8s \u00e0 ce site internet ne doit pas \u00eatre interpr\u00e9t\u00e9 comme l\u2019octroi, implicite ou autre, d\u2019une licence ou d\u2019un droit d\u2019utilisation des noms commerciaux, marques, logos et illustrations apparaissant sur ce site internet sans l\u2019autorisation pr\u00e9alable de la soci\u00e9t\u00e9 Groupe Par\u00e9. Vous pouvez demander une autorisation via ce <a href=\"https:\/\/www.groupepare.com\/index.php\/contact\/\">formulaire<\/a>.<\/p>\n\n\n\n<h3 class=\"wp-block-heading\">Utilisation des liens<\/h3>\n\n\n\n<p>Ce site internet contient des liens vers des sites internet tiers sur lesquels la soci\u00e9t\u00e9 Groupe Par\u00e9 n\u2019a aucun contr\u00f4le. La soci\u00e9t\u00e9 Groupe Par\u00e9 ne fait aucune d\u00e9claration de quelque nature que ce soit concernant d\u2019autres sites internet accessibles via le pr\u00e9sent site internet.<\/p>\n\n\n\n<p>Lorsque vous acc\u00e9dez \u00e0 des sites internet tiers via le pr\u00e9sent site internet, vous le faites \u00e0 vos propres risques. La soci\u00e9t\u00e9 Groupe Par\u00e9 d\u00e9cline toute responsabilit\u00e9 relative \u00e0 l\u2019exactitude, l\u2019actualit\u00e9, la fiabilit\u00e9, l\u2019ad\u00e9quation, la s\u00e9quence ou l\u2019exhaustivit\u00e9 des informations, donn\u00e9es, opinions, conseils ou d\u00e9clarations figurant sur ces sites internet, ou \u00e0 la qualit\u00e9 des produits ou services disponibles sur de tels sites internet.<\/p>\n\n\n\n<p>La soci\u00e9t\u00e9 Groupe Par\u00e9 fournit ces liens pour votre commodit\u00e9 et \u00e0 des fins d\u2019information uniquement. La pr\u00e9sence de tels liens n\u2019implique pas que la soci\u00e9t\u00e9 Groupe Par\u00e9 approuve le contenu ou l\u2019utilisation de tels sites, ni qu\u2019elle en assume une responsabilit\u00e9 quelconque. La soci\u00e9t\u00e9 Groupe Par\u00e9 vous conseille de commencer par lire les conditions g\u00e9n\u00e9rales de tels sites internet.<\/p>\n\n\n\n<h3 class=\"wp-block-heading\">Liens vers le site internet de la soci\u00e9t\u00e9 Groupe Par\u00e9<\/h3>\n\n\n\n<p>Vous pouvez \u00e9tablir un lien vers le site internet de la soci\u00e9t\u00e9 Groupe Par\u00e9 \u00e0 condition qu\u2019il soit clairement indiqu\u00e9 (sur le lien) que les visiteurs de votre site internet seront dirig\u00e9s vers le site internet de la soci\u00e9t\u00e9 Groupe Par\u00e9. Le lien ne doit pas \u00eatre trompeur et ne doit pas faire penser que les informations du site internet de la soci\u00e9t\u00e9 Groupe Par\u00e9 font partie d\u2019un autre site internet. Par exemple, le cadrage (\u00ab framing \u00bb) et l\u2019hyperliaison (\u00ab inline linking \u00bb) vers le site internet de la soci\u00e9t\u00e9 Groupe Par\u00e9 ne sont pas autoris\u00e9s sans l\u2019autorisation \u00e9crite pr\u00e9alable de la soci\u00e9t\u00e9 Groupe Par\u00e9.<br>Vous pouvez demander une autorisation via ce <a href=\"https:\/\/www.groupepare.com\/index.php\/contact\/\">formulaire<\/a>.<\/p>\n\n\n\n<p>Aucun lien ne peut appara\u00eetre sur une page de votre site internet ou dans un contexte quelconque incluant un contenu ou des \u00e9l\u00e9ments susceptibles d\u2019\u00eatre interpr\u00e9t\u00e9s comme \u00e0 caract\u00e8re obsc\u00e8ne ou criminel, ou portant atteinte \u00e0 des droits de tiers ou pr\u00e9conisant la violation de droits de tiers.<\/p>\n\n\n\n<h3 class=\"wp-block-heading\">Garantie et d\u00e9ni de responsabilit\u00e9 concernant l\u2019utilisation du site internet<\/h3>\n\n\n\n<p>La soci\u00e9t\u00e9 Groupe Par\u00e9 ne garantit en aucun cas un acc\u00e8s ininterrompu et\/ou sans erreur au site internet. Ce site internet et l\u2019int\u00e9gralit\u00e9 de son contenu sont fournis \u00ab tels quels \u00bb, et aucune garantie de quelque nature que ce soit, expresse ou implicite, incluant, mais sans s\u2019y limiter, les garanties de titre ou de non-violation, ou les garanties implicites de qualit\u00e9 marchande ou d\u2019adaptation \u00e0 un usage particulier, n\u2019est accord\u00e9e quant \u00e0 la disponibilit\u00e9, l\u2019exactitude, la s\u00e9curit\u00e9, la fiabilit\u00e9 ou le contenu du site internet.<\/p>\n\n\n\n<p>Il est possible que le site internet contienne des erreurs techniques ou autres, des inexactitudes et\/ou des erreurs typographiques. La soci\u00e9t\u00e9 Groupe Par\u00e9 peut, \u00e0 tout moment et sans pr\u00e9avis, modifier le contenu, la structure et les services accessibles sur le site internet, y compris les prix et les descriptions des produits qui y sont r\u00e9pertori\u00e9s. Le contenu ou les services de ce site internet peuvent \u00eatre obsol\u00e8tes, et la soci\u00e9t\u00e9 Groupe Par\u00e9 ne s\u2019engage en aucun cas \u00e0 mettre \u00e0 jour ce contenu ou ces services.<\/p>\n\n\n\n<p>Ni la soci\u00e9t\u00e9 Groupe Par\u00e9, ni aucun de ses sous-traitants impliqu\u00e9s dans la cr\u00e9ation, la production et\/ou la mise \u00e0 disposition du contenu de ce site internet, ne sauraient \u00eatre consid\u00e9r\u00e9s comme responsables d\u2019\u00e9ventuels dommages directs, indirects, accessoires, particuliers, cons\u00e9cutifs ou punitifs, de co\u00fbts ou de pertes li\u00e9s \u00e0 une interruption des activit\u00e9s r\u00e9sultant de l\u2019utilisation ou de l\u2019inaccessibilit\u00e9 de ce site internet, m\u00eame si la soci\u00e9t\u00e9 Groupe Par\u00e9 a \u00e9t\u00e9 inform\u00e9e de la possibilit\u00e9 de tels dommages.<\/p>\n\n\n\n<p>La soci\u00e9t\u00e9 Groupe Par\u00e9 d\u00e9cline toute responsabilit\u00e9 concernant des dommages ou virus susceptibles d\u2019infecter votre \u00e9quipement informatique ou d\u2019autres propri\u00e9t\u00e9s du fait de ou suite \u00e0 votre acc\u00e8s \u00e0 ou votre utilisation de ce site internet. Certaines juridictions n\u2019autorisant pas l\u2019exclusion de certaines garanties ou limitations de responsabilit\u00e9, il est possible que les limitations ou exclusions ne vous soient pas applicables. En pareil cas, la responsabilit\u00e9 de la soci\u00e9t\u00e9 Groupe Par\u00e9 serait limit\u00e9e dans toute la mesure autoris\u00e9e par la loi.<\/p>\n\n\n\n<p>Si vous \u00eates insatisfait par une partie quelconque de ce site internet, votre seul et unique recours consiste \u00e0 arr\u00eater d\u2019utiliser ce site internet.<\/p>\n\n\n\n<h3 class=\"wp-block-heading\">Envoi de donn\u00e9es par voie \u00e9lectronique<\/h3>\n\n\n\n<p>En envoyant des donn\u00e9es (y compris des messages, des documents et des fichiers) \u00e0 la soci\u00e9t\u00e9 Groupe Par\u00e9 par des moyens tels que le courrier \u00e9lectronique ou via des formulaires disponibles sur le site internet, vous convenez :<\/p>\n\n\n\n<ul class=\"wp-block-list\"><li>Que les documents ne contiennent aucun \u00e9l\u00e9ment illicite ou non appropri\u00e9 \u00e0 la publication ;<\/li><li>De prendre les mesures qui s\u2019imposent pour d\u00e9tecter et supprimer tout virus, ou tout autre \u00e9l\u00e9ment contaminant ou destructeur avant l\u2019envoi des documents.<\/li><li>Vous vous engagez en outre \u00e0 ne pas initier d\u2019action soumettant l\u2019infrastructure de ce site internet \u00e0 une charge d\u00e9raisonnable ou disproportionn\u00e9e.<\/li><\/ul>\n\n\n\n<p>Vous vous engagez \u00e0 indemniser, exon\u00e9rer de responsabilit\u00e9 et, \u00e0 notre discr\u00e9tion, d\u00e9fendre la soci\u00e9t\u00e9 Groupe Par\u00e9 et ses dirigeants, administrateurs, employ\u00e9s, actionnaires, agents et repr\u00e9sentants en cas de r\u00e9clamations, responsabilit\u00e9s, dommages et\/ou co\u00fbts \u00e9ventuels r\u00e9sultant du non-respect de ces Mentions l\u00e9gales, de l\u2019utilisation incorrecte ou de la violation, par vous-m\u00eame ou par un tiers, de votre compte, de la propri\u00e9t\u00e9 intellectuelle, ou de tout autre droit d\u2019une personne physique ou morale.<\/p>\n\n\n\n<h3 class=\"wp-block-heading\">Protection des donn\u00e9es et cookies<\/h3>\n\n\n\n<p>Toutes les donn\u00e9es personnelles recueillies par la soci\u00e9t\u00e9 Groupe Par\u00e9 aupr\u00e8s de vous lors de votre utilisation de ce site internet seront trait\u00e9es conform\u00e9ment \u00e0 notre politique de protection des donn\u00e9es et notre avis relatif aux cookies. Vous confirmez que lors de l\u2019utilisation de ce site internet, vous acceptez que vos donn\u00e9es personnelles soient utilis\u00e9es et trait\u00e9es conform\u00e9ment \u00e0 notre politique de protection des donn\u00e9es et \u00e0 notre avis relatif aux cookies.<\/p>\n\n\n\n<h3 class=\"wp-block-heading\">Loi applicable et instance juridictionnelle<\/h3>\n\n\n\n<p>La soci\u00e9t\u00e9 Groupe Par\u00e9 contr\u00f4le et g\u00e8re ce site internet depuis des sites situ\u00e9s en France. Les informations figurant sur ce site internet sont par cons\u00e9quent consid\u00e9r\u00e9es comme \u00e9tant fournies en France, et sont r\u00e9glement\u00e9es et r\u00e9gies par la l\u00e9gislation fran\u00e7aise, sans donner effet aux principes relatifs aux conflits de lois. Dans toute la mesure permise par les lois applicables, vous vous soumettez \u00e0 la juridiction exclusive des tribunaux de Toulon.<\/p>\n\n\n\n<h3 class=\"wp-block-heading\">Conditions diverses<\/h3>\n\n\n\n<p>Si une disposition des pr\u00e9sentes Mentions l\u00e9gales devenait ou \u00e9tait d\u00e9clar\u00e9e ill\u00e9gale, nulle ou, pour une raison quelconque, inapplicable, cette disposition serait consid\u00e9r\u00e9e comme dissociable de ces Mentions l\u00e9gales sans que cela n\u2019affecte la validit\u00e9 ou le caract\u00e8re ex\u00e9cutoire des autres provisions. Ces Mentions l\u00e9gales constituent l\u2019int\u00e9gralit\u00e9 du contrat conclu entre vous et la soci\u00e9t\u00e9 Groupe Par\u00e9 relatif \u00e0 l\u2019objet des pr\u00e9sentes.<\/p>\n\n\n\n<p>Ce site internet est exploit\u00e9 par S.A.S. Groupe Par\u00e9, soci\u00e9t\u00e9 enregistr\u00e9e en France, dont le si\u00e8ge social se trouve Chemin des N\u00e9gadoux83140 Six-Fours-les-Plages, inscrite au registre du commerce RCS TOULON B 391&nbsp;674&nbsp;231 SIRET N\u00b0 39167423100025 N\u00b0 INTRA : FR13391674231 \/ NAF : 4322A<\/p>\n","protected":false},"excerpt":{"rendered":"<p>L\u2019acc\u00e8s et l\u2019utilisation du site internet de la soci\u00e9t\u00e9 Groupe Par\u00e9 sont soumis aux conditions g\u00e9n\u00e9rales suivantes (collectivement d\u00e9sign\u00e9es \u00ab Mentions l\u00e9gales \u00bb). L\u2019acc\u00e8s et l\u2019utilisation du site internet de la soci\u00e9t\u00e9 Groupe Par\u00e9 impliquent l\u2019acceptation de la version des mentions l\u00e9gales en vigueur au moment de l\u2019acc\u00e8s. La soci\u00e9t\u00e9 Groupe Par\u00e9 se r\u00e9serve le&hellip;<\/p>\n","protected":false},"author":1,"featured_media":0,"parent":7,"menu_order":0,"comment_status":"closed","ping_status":"closed","template":"","meta":{"_monsterinsights_skip_tracking":false,"_monsterinsights_sitenote_active":false,"_monsterinsights_sitenote_note":"","_monsterinsights_sitenote_category":0,"footnotes":""},"class_list":["post-2687","page","type-page","status-publish","hentry","description-off"],"yoast_head":"<!-- This site is optimized with the Yoast SEO plugin v27.4 - https:\/\/yoast.com\/product\/yoast-seo-wordpress\/ -->\n<title>Mentions l\u00e9gales - Groupe Par\u00e9<\/title>\n<meta name=\"robots\" content=\"index, follow, max-snippet:-1, max-image-preview:large, max-video-preview:-1\" \/>\n<link rel=\"canonical\" href=\"https:\/\/www.groupepare.com\/index.php\/a-propos-du-groupe-pare\/mentions-legales\/\" \/>\n<meta property=\"og:locale\" content=\"fr_FR\" \/>\n<meta property=\"og:type\" content=\"article\" \/>\n<meta property=\"og:title\" content=\"Mentions l\u00e9gales - Groupe Par\u00e9\" \/>\n<meta property=\"og:description\" content=\"L\u2019acc\u00e8s et l\u2019utilisation du site internet de la soci\u00e9t\u00e9 Groupe Par\u00e9 sont soumis aux conditions g\u00e9n\u00e9rales suivantes (collectivement d\u00e9sign\u00e9es \u00ab Mentions l\u00e9gales \u00bb). L\u2019acc\u00e8s et l\u2019utilisation du site internet de la soci\u00e9t\u00e9 Groupe Par\u00e9 impliquent l\u2019acceptation de la version des mentions l\u00e9gales en vigueur au moment de l\u2019acc\u00e8s. La soci\u00e9t\u00e9 Groupe Par\u00e9 se r\u00e9serve le&hellip;\" \/>\n<meta property=\"og:url\" content=\"https:\/\/www.groupepare.com\/index.php\/a-propos-du-groupe-pare\/mentions-legales\/\" \/>\n<meta property=\"og:site_name\" content=\"Groupe Par\u00e9\" \/>\n<meta property=\"article:modified_time\" content=\"2022-08-04T15:07:25+00:00\" \/>\n<meta name=\"twitter:card\" content=\"summary_large_image\" \/>\n<meta name=\"twitter:label1\" content=\"Dur\u00e9e de lecture estim\u00e9e\" \/>\n\t<meta name=\"twitter:data1\" content=\"8 minutes\" \/>\n<script type=\"application\/ld+json\" class=\"yoast-schema-graph\">{\"@context\":\"https:\\\/\\\/schema.org\",\"@graph\":[{\"@type\":\"WebPage\",\"@id\":\"https:\\\/\\\/www.groupepare.com\\\/index.php\\\/a-propos-du-groupe-pare\\\/mentions-legales\\\/\",\"url\":\"https:\\\/\\\/www.groupepare.com\\\/index.php\\\/a-propos-du-groupe-pare\\\/mentions-legales\\\/\",\"name\":\"Mentions l\u00e9gales - Groupe Par\u00e9\",\"isPartOf\":{\"@id\":\"https:\\\/\\\/www.groupepare.com\\\/#website\"},\"datePublished\":\"2022-08-04T14:18:28+00:00\",\"dateModified\":\"2022-08-04T15:07:25+00:00\",\"breadcrumb\":{\"@id\":\"https:\\\/\\\/www.groupepare.com\\\/index.php\\\/a-propos-du-groupe-pare\\\/mentions-legales\\\/#breadcrumb\"},\"inLanguage\":\"fr-FR\",\"potentialAction\":[{\"@type\":\"ReadAction\",\"target\":[\"https:\\\/\\\/www.groupepare.com\\\/index.php\\\/a-propos-du-groupe-pare\\\/mentions-legales\\\/\"]}]},{\"@type\":\"BreadcrumbList\",\"@id\":\"https:\\\/\\\/www.groupepare.com\\\/index.php\\\/a-propos-du-groupe-pare\\\/mentions-legales\\\/#breadcrumb\",\"itemListElement\":[{\"@type\":\"ListItem\",\"position\":1,\"name\":\"Accueil\",\"item\":\"https:\\\/\\\/www.groupepare.com\\\/\"},{\"@type\":\"ListItem\",\"position\":2,\"name\":\"\u00c0 propos du Groupe Par\u00e9\",\"item\":\"https:\\\/\\\/www.groupepare.com\\\/index.php\\\/a-propos-du-groupe-pare\\\/\"},{\"@type\":\"ListItem\",\"position\":3,\"name\":\"Mentions l\u00e9gales\"}]},{\"@type\":\"WebSite\",\"@id\":\"https:\\\/\\\/www.groupepare.com\\\/#website\",\"url\":\"https:\\\/\\\/www.groupepare.com\\\/\",\"name\":\"Groupe Par\u00e9\",\"description\":\"Traitement 3D, Assainissement, Bo\u00eetes aux lettres \u00e0 Toulon\",\"publisher\":{\"@id\":\"https:\\\/\\\/www.groupepare.com\\\/#organization\"},\"potentialAction\":[{\"@type\":\"SearchAction\",\"target\":{\"@type\":\"EntryPoint\",\"urlTemplate\":\"https:\\\/\\\/www.groupepare.com\\\/?s={search_term_string}\"},\"query-input\":{\"@type\":\"PropertyValueSpecification\",\"valueRequired\":true,\"valueName\":\"search_term_string\"}}],\"inLanguage\":\"fr-FR\"},{\"@type\":\"Organization\",\"@id\":\"https:\\\/\\\/www.groupepare.com\\\/#organization\",\"name\":\"Groupe Par\u00e9\",\"url\":\"https:\\\/\\\/www.groupepare.com\\\/\",\"logo\":{\"@type\":\"ImageObject\",\"inLanguage\":\"fr-FR\",\"@id\":\"https:\\\/\\\/www.groupepare.com\\\/#\\\/schema\\\/logo\\\/image\\\/\",\"url\":\"https:\\\/\\\/www.groupepare.com\\\/wp-content\\\/uploads\\\/2021\\\/06\\\/Groupe-Pare-logo-200px.png\",\"contentUrl\":\"https:\\\/\\\/www.groupepare.com\\\/wp-content\\\/uploads\\\/2021\\\/06\\\/Groupe-Pare-logo-200px.png\",\"width\":200,\"height\":200,\"caption\":\"Groupe Par\u00e9\"},\"image\":{\"@id\":\"https:\\\/\\\/www.groupepare.com\\\/#\\\/schema\\\/logo\\\/image\\\/\"}}]}<\/script>\n<!-- \/ Yoast SEO plugin. -->","yoast_head_json":{"title":"Mentions l\u00e9gales - Groupe Par\u00e9","robots":{"index":"index","follow":"follow","max-snippet":"max-snippet:-1","max-image-preview":"max-image-preview:large","max-video-preview":"max-video-preview:-1"},"canonical":"https:\/\/www.groupepare.com\/index.php\/a-propos-du-groupe-pare\/mentions-legales\/","og_locale":"fr_FR","og_type":"article","og_title":"Mentions l\u00e9gales - Groupe Par\u00e9","og_description":"L\u2019acc\u00e8s et l\u2019utilisation du site internet de la soci\u00e9t\u00e9 Groupe Par\u00e9 sont soumis aux conditions g\u00e9n\u00e9rales suivantes (collectivement d\u00e9sign\u00e9es \u00ab Mentions l\u00e9gales \u00bb). L\u2019acc\u00e8s et l\u2019utilisation du site internet de la soci\u00e9t\u00e9 Groupe Par\u00e9 impliquent l\u2019acceptation de la version des mentions l\u00e9gales en vigueur au moment de l\u2019acc\u00e8s. La soci\u00e9t\u00e9 Groupe Par\u00e9 se r\u00e9serve le&hellip;","og_url":"https:\/\/www.groupepare.com\/index.php\/a-propos-du-groupe-pare\/mentions-legales\/","og_site_name":"Groupe Par\u00e9","article_modified_time":"2022-08-04T15:07:25+00:00","twitter_card":"summary_large_image","twitter_misc":{"Dur\u00e9e de lecture estim\u00e9e":"8 minutes"},"schema":{"@context":"https:\/\/schema.org","@graph":[{"@type":"WebPage","@id":"https:\/\/www.groupepare.com\/index.php\/a-propos-du-groupe-pare\/mentions-legales\/","url":"https:\/\/www.groupepare.com\/index.php\/a-propos-du-groupe-pare\/mentions-legales\/","name":"Mentions l\u00e9gales - Groupe Par\u00e9","isPartOf":{"@id":"https:\/\/www.groupepare.com\/#website"},"datePublished":"2022-08-04T14:18:28+00:00","dateModified":"2022-08-04T15:07:25+00:00","breadcrumb":{"@id":"https:\/\/www.groupepare.com\/index.php\/a-propos-du-groupe-pare\/mentions-legales\/#breadcrumb"},"inLanguage":"fr-FR","potentialAction":[{"@type":"ReadAction","target":["https:\/\/www.groupepare.com\/index.php\/a-propos-du-groupe-pare\/mentions-legales\/"]}]},{"@type":"BreadcrumbList","@id":"https:\/\/www.groupepare.com\/index.php\/a-propos-du-groupe-pare\/mentions-legales\/#breadcrumb","itemListElement":[{"@type":"ListItem","position":1,"name":"Accueil","item":"https:\/\/www.groupepare.com\/"},{"@type":"ListItem","position":2,"name":"\u00c0 propos du Groupe Par\u00e9","item":"https:\/\/www.groupepare.com\/index.php\/a-propos-du-groupe-pare\/"},{"@type":"ListItem","position":3,"name":"Mentions l\u00e9gales"}]},{"@type":"WebSite","@id":"https:\/\/www.groupepare.com\/#website","url":"https:\/\/www.groupepare.com\/","name":"Groupe Par\u00e9","description":"Traitement 3D, Assainissement, Bo\u00eetes aux lettres \u00e0 Toulon","publisher":{"@id":"https:\/\/www.groupepare.com\/#organization"},"potentialAction":[{"@type":"SearchAction","target":{"@type":"EntryPoint","urlTemplate":"https:\/\/www.groupepare.com\/?s={search_term_string}"},"query-input":{"@type":"PropertyValueSpecification","valueRequired":true,"valueName":"search_term_string"}}],"inLanguage":"fr-FR"},{"@type":"Organization","@id":"https:\/\/www.groupepare.com\/#organization","name":"Groupe Par\u00e9","url":"https:\/\/www.groupepare.com\/","logo":{"@type":"ImageObject","inLanguage":"fr-FR","@id":"https:\/\/www.groupepare.com\/#\/schema\/logo\/image\/","url":"https:\/\/www.groupepare.com\/wp-content\/uploads\/2021\/06\/Groupe-Pare-logo-200px.png","contentUrl":"https:\/\/www.groupepare.com\/wp-content\/uploads\/2021\/06\/Groupe-Pare-logo-200px.png","width":200,"height":200,"caption":"Groupe Par\u00e9"},"image":{"@id":"https:\/\/www.groupepare.com\/#\/schema\/logo\/image\/"}}]}},"_links":{"self":[{"href":"https:\/\/www.groupepare.com\/index.php\/wp-json\/wp\/v2\/pages\/2687","targetHints":{"allow":["GET"]}}],"collection":[{"href":"https:\/\/www.groupepare.com\/index.php\/wp-json\/wp\/v2\/pages"}],"about":[{"href":"https:\/\/www.groupepare.com\/index.php\/wp-json\/wp\/v2\/types\/page"}],"author":[{"embeddable":true,"href":"https:\/\/www.groupepare.com\/index.php\/wp-json\/wp\/v2\/users\/1"}],"replies":[{"embeddable":true,"href":"https:\/\/www.groupepare.com\/index.php\/wp-json\/wp\/v2\/comments?post=2687"}],"version-history":[{"count":3,"href":"https:\/\/www.groupepare.com\/index.php\/wp-json\/wp\/v2\/pages\/2687\/revisions"}],"predecessor-version":[{"id":2692,"href":"https:\/\/www.groupepare.com\/index.php\/wp-json\/wp\/v2\/pages\/2687\/revisions\/2692"}],"up":[{"embeddable":true,"href":"https:\/\/www.groupepare.com\/index.php\/wp-json\/wp\/v2\/pages\/7"}],"wp:attachment":[{"href":"https:\/\/www.groupepare.com\/index.php\/wp-json\/wp\/v2\/media?parent=2687"}],"curies":[{"name":"wp","href":"https:\/\/api.w.org\/{rel}","templated":true}]}}