{"id":2693,"date":"2022-08-04T16:25:31","date_gmt":"2022-08-04T14:25:31","guid":{"rendered":"https:\/\/www.groupepare.com\/?page_id=2693"},"modified":"2022-08-04T16:25:46","modified_gmt":"2022-08-04T14:25:46","slug":"avis-relatif-aux-cookies","status":"publish","type":"page","link":"https:\/\/www.groupepare.com\/index.php\/avis-relatif-aux-cookies\/","title":{"rendered":"Avis relatif aux cookies"},"content":{"rendered":"\n<p>Le site groupepare.com utilise le moteur WordPress qui utilise des cookies, soit de minuscules informations stock\u00e9es sur votre ordinateur, pour v\u00e9rifier qui vous \u00eates. Il existe des cookies pour les utilisateurs connect\u00e9s et pour les commentateurs.<\/p>\n\n\n\n<h3 class=\"wp-block-heading\">Activer les cookies dans votre navigateur<\/h3>\n\n\n\n<p>Le site groupepare.com utilise des cookies pour l\u2019authentification. Cela signifie que pour vous connecter \u00e0 votre site groupepare.com, vous devez avoir activ\u00e9 les cookies dans votre navigateur.<\/p>\n\n\n\n<ul class=\"wp-block-list\"><li>Google Chrome<\/li><li>Mozilla Firefox<\/li><li>Edge<\/li><li>Safari<\/li><\/ul>\n\n\n\n<h3 class=\"wp-block-heading\">Cookie des utilisateurs<\/h3>\n\n\n\n<p>Les utilisateurs sont les personnes qui ont enregistr\u00e9 un compte sur le site groupepare.com.<br>Lors de la connexion, le site groupepare.com utilise le cookie wordpress_[hash] pour stocker vos donn\u00e9es d\u2019authentification. Son utilisation est limit\u00e9e \u00e0 la zone de l\u2019\u00e9cran d\u2019administration, \/wp-admin\/<br>Apr\u00e8s la connexion, le site groupepare.com d\u00e9finit le cookie wordpress_logged_in_[hash], qui indique quand vous \u00eates connect\u00e9, et qui vous \u00eates, pour la plupart des utilisations de l\u2019interface.<br>Le site groupepare.com d\u00e9finit \u00e9galement quelques cookies wp-settings-{time}-[UID]. Le num\u00e9ro \u00e0 la fin est votre identifiant individuel d\u2019utilisateur de la table de la base de donn\u00e9es des utilisateurs. Il est utilis\u00e9 pour personnaliser votre vue de l\u2019interface d\u2019administration, et \u00e9ventuellement aussi l\u2019interface principale du site.<\/p>\n\n\n\n<p>La longueur des cookies peut \u00eatre ajust\u00e9e avec le crochet \u00ab auth_cookie_expiration \u00bb.<\/p>\n\n\n\n<h3 class=\"wp-block-heading\">Donn\u00e9es non sp\u00e9cifiques \u00e0 une version<\/h3>\n\n\n\n<p>Les v\u00e9ritables cookies contiennent des donn\u00e9es hach\u00e9es, vous n\u2019avez donc pas \u00e0 vous inqui\u00e9ter que quelqu\u2019un puisse glaner votre nom d\u2019utilisateur et votre mot de passe en lisant les donn\u00e9es des cookies. Un hachage est le r\u00e9sultat d\u2019une formule math\u00e9matique sp\u00e9cifique appliqu\u00e9e \u00e0 certaines donn\u00e9es d\u2019entr\u00e9e (dans ce cas, votre nom d\u2019utilisateur et votre mot de passe, respectivement). Il est assez difficile d\u2019inverser un hachage (\u00e0 la limite de l\u2019infaisabilit\u00e9 pratique avec les ordinateurs actuels). Cela signifie qu\u2019il est tr\u00e8s difficile de prendre un hachage et de le \u00ab d\u00e9chausser \u00bb pour retrouver les donn\u00e9es d\u2019entr\u00e9e originales.<\/p>\n\n\n\n<p>Le site groupepare.com utilise les deux cookies pour contourner la partie de saisie du mot de passe de wp-login.php. Si le site groupepare.com reconna\u00eet que vous avez des cookies valides et non expir\u00e9s, vous acc\u00e9dez directement \u00e0 l\u2019\u00e9cran d\u2019administration du site groupepare.com. Si vous n\u2019avez pas les cookies, ou s\u2019ils sont expir\u00e9s, ou d\u2019une autre mani\u00e8re invalides (comme si vous les aviez \u00e9dit\u00e9s manuellement pour une raison quelconque), le site groupepare.com vous demandera de vous reconnecter afin d\u2019obtenir de nouveaux cookies.<\/p>\n\n\n\n<h3 class=\"wp-block-heading\">Cookie des commentaires<\/h3>\n\n\n\n<p>Lorsque les visiteurs commentent votre site, ils re\u00e7oivent eux aussi des cookies stock\u00e9s sur leur ordinateur. Il s\u2019agit d\u2019une simple commodit\u00e9, afin que le visiteur n\u2019ait pas besoin de retaper toutes ses informations lorsqu\u2019il souhaite laisser un autre commentaire. Trois cookies sont d\u00e9finis pour les commentateurs :<\/p>\n\n\n\n<p>Les cookies des commentaires sont d\u00e9finis pour expirer un peu moins d\u2019un an apr\u00e8s leur cr\u00e9ation.<\/p>\n\n\n\n<ul class=\"wp-block-list\"><li>commentaire_auteur_{HASH}<\/li><li>commentaire_author_email_{HASH}<\/li><li>commentaire_author_url_{HASH}<\/li><\/ul>\n","protected":false},"excerpt":{"rendered":"<p>Le site groupepare.com utilise le moteur WordPress qui utilise des cookies, soit de minuscules informations stock\u00e9es sur votre ordinateur, pour v\u00e9rifier qui vous \u00eates. Il existe des cookies pour les utilisateurs connect\u00e9s et pour les commentateurs. Activer les cookies dans votre navigateur Le site groupepare.com utilise des cookies pour l\u2019authentification. Cela signifie que pour vous&hellip;<\/p>\n","protected":false},"author":1,"featured_media":0,"parent":0,"menu_order":0,"comment_status":"closed","ping_status":"closed","template":"","meta":{"_monsterinsights_skip_tracking":false,"_monsterinsights_sitenote_active":false,"_monsterinsights_sitenote_note":"","_monsterinsights_sitenote_category":0,"footnotes":""},"class_list":["post-2693","page","type-page","status-publish","hentry","description-off"],"yoast_head":"<!-- This site is optimized with the Yoast SEO plugin v27.5 - https:\/\/yoast.com\/product\/yoast-seo-wordpress\/ -->\n<title>Avis relatif aux cookies - Groupe Par\u00e9<\/title>\n<meta name=\"robots\" content=\"index, follow, max-snippet:-1, max-image-preview:large, max-video-preview:-1\" \/>\n<link rel=\"canonical\" href=\"https:\/\/www.groupepare.com\/index.php\/avis-relatif-aux-cookies\/\" \/>\n<meta property=\"og:locale\" content=\"fr_FR\" \/>\n<meta property=\"og:type\" content=\"article\" \/>\n<meta property=\"og:title\" content=\"Avis relatif aux cookies - Groupe Par\u00e9\" \/>\n<meta property=\"og:description\" content=\"Le site groupepare.com utilise le moteur WordPress qui utilise des cookies, soit de minuscules informations stock\u00e9es sur votre ordinateur, pour v\u00e9rifier qui vous \u00eates. Il existe des cookies pour les utilisateurs connect\u00e9s et pour les commentateurs. Activer les cookies dans votre navigateur Le site groupepare.com utilise des cookies pour l\u2019authentification. Cela signifie que pour vous&hellip;\" \/>\n<meta property=\"og:url\" content=\"https:\/\/www.groupepare.com\/index.php\/avis-relatif-aux-cookies\/\" \/>\n<meta property=\"og:site_name\" content=\"Groupe Par\u00e9\" \/>\n<meta property=\"article:modified_time\" content=\"2022-08-04T14:25:46+00:00\" \/>\n<meta name=\"twitter:card\" content=\"summary_large_image\" \/>\n<meta name=\"twitter:label1\" content=\"Dur\u00e9e de lecture estim\u00e9e\" \/>\n\t<meta name=\"twitter:data1\" content=\"3 minutes\" \/>\n<script type=\"application\/ld+json\" class=\"yoast-schema-graph\">{\"@context\":\"https:\\\/\\\/schema.org\",\"@graph\":[{\"@type\":\"WebPage\",\"@id\":\"https:\\\/\\\/www.groupepare.com\\\/index.php\\\/avis-relatif-aux-cookies\\\/\",\"url\":\"https:\\\/\\\/www.groupepare.com\\\/index.php\\\/avis-relatif-aux-cookies\\\/\",\"name\":\"Avis relatif aux cookies - Groupe Par\u00e9\",\"isPartOf\":{\"@id\":\"https:\\\/\\\/www.groupepare.com\\\/#website\"},\"datePublished\":\"2022-08-04T14:25:31+00:00\",\"dateModified\":\"2022-08-04T14:25:46+00:00\",\"breadcrumb\":{\"@id\":\"https:\\\/\\\/www.groupepare.com\\\/index.php\\\/avis-relatif-aux-cookies\\\/#breadcrumb\"},\"inLanguage\":\"fr-FR\",\"potentialAction\":[{\"@type\":\"ReadAction\",\"target\":[\"https:\\\/\\\/www.groupepare.com\\\/index.php\\\/avis-relatif-aux-cookies\\\/\"]}]},{\"@type\":\"BreadcrumbList\",\"@id\":\"https:\\\/\\\/www.groupepare.com\\\/index.php\\\/avis-relatif-aux-cookies\\\/#breadcrumb\",\"itemListElement\":[{\"@type\":\"ListItem\",\"position\":1,\"name\":\"Accueil\",\"item\":\"https:\\\/\\\/www.groupepare.com\\\/\"},{\"@type\":\"ListItem\",\"position\":2,\"name\":\"Avis relatif aux cookies\"}]},{\"@type\":\"WebSite\",\"@id\":\"https:\\\/\\\/www.groupepare.com\\\/#website\",\"url\":\"https:\\\/\\\/www.groupepare.com\\\/\",\"name\":\"Groupe Par\u00e9\",\"description\":\"Traitement 3D, Assainissement, Bo\u00eetes aux lettres \u00e0 Toulon\",\"publisher\":{\"@id\":\"https:\\\/\\\/www.groupepare.com\\\/#organization\"},\"potentialAction\":[{\"@type\":\"SearchAction\",\"target\":{\"@type\":\"EntryPoint\",\"urlTemplate\":\"https:\\\/\\\/www.groupepare.com\\\/?s={search_term_string}\"},\"query-input\":{\"@type\":\"PropertyValueSpecification\",\"valueRequired\":true,\"valueName\":\"search_term_string\"}}],\"inLanguage\":\"fr-FR\"},{\"@type\":\"Organization\",\"@id\":\"https:\\\/\\\/www.groupepare.com\\\/#organization\",\"name\":\"Groupe Par\u00e9\",\"url\":\"https:\\\/\\\/www.groupepare.com\\\/\",\"logo\":{\"@type\":\"ImageObject\",\"inLanguage\":\"fr-FR\",\"@id\":\"https:\\\/\\\/www.groupepare.com\\\/#\\\/schema\\\/logo\\\/image\\\/\",\"url\":\"https:\\\/\\\/www.groupepare.com\\\/wp-content\\\/uploads\\\/2021\\\/06\\\/Groupe-Pare-logo-200px.png\",\"contentUrl\":\"https:\\\/\\\/www.groupepare.com\\\/wp-content\\\/uploads\\\/2021\\\/06\\\/Groupe-Pare-logo-200px.png\",\"width\":200,\"height\":200,\"caption\":\"Groupe Par\u00e9\"},\"image\":{\"@id\":\"https:\\\/\\\/www.groupepare.com\\\/#\\\/schema\\\/logo\\\/image\\\/\"}}]}<\/script>\n<!-- \/ Yoast SEO plugin. -->","yoast_head_json":{"title":"Avis relatif aux cookies - Groupe Par\u00e9","robots":{"index":"index","follow":"follow","max-snippet":"max-snippet:-1","max-image-preview":"max-image-preview:large","max-video-preview":"max-video-preview:-1"},"canonical":"https:\/\/www.groupepare.com\/index.php\/avis-relatif-aux-cookies\/","og_locale":"fr_FR","og_type":"article","og_title":"Avis relatif aux cookies - Groupe Par\u00e9","og_description":"Le site groupepare.com utilise le moteur WordPress qui utilise des cookies, soit de minuscules informations stock\u00e9es sur votre ordinateur, pour v\u00e9rifier qui vous \u00eates. Il existe des cookies pour les utilisateurs connect\u00e9s et pour les commentateurs. Activer les cookies dans votre navigateur Le site groupepare.com utilise des cookies pour l\u2019authentification. Cela signifie que pour vous&hellip;","og_url":"https:\/\/www.groupepare.com\/index.php\/avis-relatif-aux-cookies\/","og_site_name":"Groupe Par\u00e9","article_modified_time":"2022-08-04T14:25:46+00:00","twitter_card":"summary_large_image","twitter_misc":{"Dur\u00e9e de lecture estim\u00e9e":"3 minutes"},"schema":{"@context":"https:\/\/schema.org","@graph":[{"@type":"WebPage","@id":"https:\/\/www.groupepare.com\/index.php\/avis-relatif-aux-cookies\/","url":"https:\/\/www.groupepare.com\/index.php\/avis-relatif-aux-cookies\/","name":"Avis relatif aux cookies - Groupe Par\u00e9","isPartOf":{"@id":"https:\/\/www.groupepare.com\/#website"},"datePublished":"2022-08-04T14:25:31+00:00","dateModified":"2022-08-04T14:25:46+00:00","breadcrumb":{"@id":"https:\/\/www.groupepare.com\/index.php\/avis-relatif-aux-cookies\/#breadcrumb"},"inLanguage":"fr-FR","potentialAction":[{"@type":"ReadAction","target":["https:\/\/www.groupepare.com\/index.php\/avis-relatif-aux-cookies\/"]}]},{"@type":"BreadcrumbList","@id":"https:\/\/www.groupepare.com\/index.php\/avis-relatif-aux-cookies\/#breadcrumb","itemListElement":[{"@type":"ListItem","position":1,"name":"Accueil","item":"https:\/\/www.groupepare.com\/"},{"@type":"ListItem","position":2,"name":"Avis relatif aux cookies"}]},{"@type":"WebSite","@id":"https:\/\/www.groupepare.com\/#website","url":"https:\/\/www.groupepare.com\/","name":"Groupe Par\u00e9","description":"Traitement 3D, Assainissement, Bo\u00eetes aux lettres \u00e0 Toulon","publisher":{"@id":"https:\/\/www.groupepare.com\/#organization"},"potentialAction":[{"@type":"SearchAction","target":{"@type":"EntryPoint","urlTemplate":"https:\/\/www.groupepare.com\/?s={search_term_string}"},"query-input":{"@type":"PropertyValueSpecification","valueRequired":true,"valueName":"search_term_string"}}],"inLanguage":"fr-FR"},{"@type":"Organization","@id":"https:\/\/www.groupepare.com\/#organization","name":"Groupe Par\u00e9","url":"https:\/\/www.groupepare.com\/","logo":{"@type":"ImageObject","inLanguage":"fr-FR","@id":"https:\/\/www.groupepare.com\/#\/schema\/logo\/image\/","url":"https:\/\/www.groupepare.com\/wp-content\/uploads\/2021\/06\/Groupe-Pare-logo-200px.png","contentUrl":"https:\/\/www.groupepare.com\/wp-content\/uploads\/2021\/06\/Groupe-Pare-logo-200px.png","width":200,"height":200,"caption":"Groupe Par\u00e9"},"image":{"@id":"https:\/\/www.groupepare.com\/#\/schema\/logo\/image\/"}}]}},"_links":{"self":[{"href":"https:\/\/www.groupepare.com\/index.php\/wp-json\/wp\/v2\/pages\/2693","targetHints":{"allow":["GET"]}}],"collection":[{"href":"https:\/\/www.groupepare.com\/index.php\/wp-json\/wp\/v2\/pages"}],"about":[{"href":"https:\/\/www.groupepare.com\/index.php\/wp-json\/wp\/v2\/types\/page"}],"author":[{"embeddable":true,"href":"https:\/\/www.groupepare.com\/index.php\/wp-json\/wp\/v2\/users\/1"}],"replies":[{"embeddable":true,"href":"https:\/\/www.groupepare.com\/index.php\/wp-json\/wp\/v2\/comments?post=2693"}],"version-history":[{"count":1,"href":"https:\/\/www.groupepare.com\/index.php\/wp-json\/wp\/v2\/pages\/2693\/revisions"}],"predecessor-version":[{"id":2694,"href":"https:\/\/www.groupepare.com\/index.php\/wp-json\/wp\/v2\/pages\/2693\/revisions\/2694"}],"wp:attachment":[{"href":"https:\/\/www.groupepare.com\/index.php\/wp-json\/wp\/v2\/media?parent=2693"}],"curies":[{"name":"wp","href":"https:\/\/api.w.org\/{rel}","templated":true}]}}