{"id":2704,"date":"2022-08-04T17:00:23","date_gmt":"2022-08-04T15:00:23","guid":{"rendered":"https:\/\/www.groupepare.com\/?page_id=2704"},"modified":"2022-08-04T17:05:00","modified_gmt":"2022-08-04T15:05:00","slug":"termes-cles-pour-la-politique-de-protection-des-donnees","status":"publish","type":"page","link":"https:\/\/www.groupepare.com\/index.php\/a-propos-du-groupe-pare\/politique-de-protection-des-donnees\/termes-cles-pour-la-politique-de-protection-des-donnees\/","title":{"rendered":"Termes cl\u00e9s pour la Politique de Protection des Donn\u00e9es"},"content":{"rendered":"\t\t<div data-elementor-type=\"wp-page\" data-elementor-id=\"2704\" class=\"elementor elementor-2704\" data-elementor-post-type=\"page\">\n\t\t\t\t\t\t<section class=\"elementor-section elementor-top-section elementor-element elementor-element-2afb665c elementor-section-boxed elementor-section-height-default elementor-section-height-default\" data-id=\"2afb665c\" data-element_type=\"section\" data-e-type=\"section\">\n\t\t\t\t\t\t<div class=\"elementor-container elementor-column-gap-default\">\n\t\t\t\t\t<div class=\"elementor-column elementor-col-100 elementor-top-column elementor-element elementor-element-67d5dcb1\" data-id=\"67d5dcb1\" data-element_type=\"column\" data-e-type=\"column\">\n\t\t\t<div class=\"elementor-widget-wrap elementor-element-populated\">\n\t\t\t\t\t\t<div class=\"elementor-element elementor-element-2ce84bc9 elementor-widget elementor-widget-text-editor\" data-id=\"2ce84bc9\" data-element_type=\"widget\" data-e-type=\"widget\" data-widget_type=\"text-editor.default\">\n\t\t\t\t<div class=\"elementor-widget-container\">\n\t\t\t\t\t\t\t\t\t\n<p><b>Applications<\/b> : signifie tous logiciels, applications (web), outils num\u00e9riques d\u00e9velopp\u00e9s par la soci\u00e9t\u00e9 Groupe Par\u00e9 ou l&rsquo;une de ses filiales europ\u00e9ennes ;<\/p>\n<p>&nbsp;<\/p>\n<p><b>Partenaires commerciaux : <\/b>d\u00e9signe toute personne ou entreprise autonome du la soci\u00e9t\u00e9 Groupe Par\u00e9, mais qui a un certain degr\u00e9 d&rsquo;implication dans les affaires de la soci\u00e9t\u00e9 Groupe Par\u00e9 ou a g\u00e9r\u00e9 un partenariat commercial ou coop\u00e8re avec la soci\u00e9t\u00e9 Groupe Par\u00e9 pour la production et\/ou la fourniture de produits\/services de la marque Groupe Par\u00e9 ;<\/p>\n<p>&nbsp;<\/p>\n<p><b>Prise de d\u00e9cision automatis\u00e9e (traitement bas\u00e9 uniquement sur)<\/b> : d\u00e9signe tout traitement effectu\u00e9 \u00e0 travers un processus automatis\u00e9, excluant par cons\u00e9quent toute influence humaine ou intervention en ce qui concerne le r\u00e9sultat dudit processus;<\/p>\n<p>&nbsp;<\/p>\n<p><b>Cookie : <\/b>signifie un petit fichier contenant une cha\u00eene de caract\u00e8res qui est envoy\u00e9 au p\u00e9riph\u00e9rique utilis\u00e9 pour visiter un site Web. Lors de la deuxi\u00e8me visite sur le m\u00eame site Web, le cookie peut autoriser ce site Web \u00e0 reconna\u00eetre le navigateur par lequel la visite a eu lieu. Les cookies peuvent stocker les pr\u00e9f\u00e9rences de l&rsquo;utilisateur et d&rsquo;autres informations ;<\/p>\n<p>&nbsp;<\/p>\n<p><b>Contr\u00f4leur de Donn\u00e9es<\/b> : d\u00e9signe une personne physique ou une entit\u00e9 juridique qui d\u00e9termine les fins et les moyens du Traitement des Donn\u00e9es \u00e0 caract\u00e8re personnel ;<\/p>\n<p>&nbsp;<\/p>\n<p><b>Processeur de donn\u00e9es <\/b>: d\u00e9signe une personne physique ou une entit\u00e9 juridique qui traite les Donn\u00e9es Personnelles d\u2019une Personne Concern\u00e9e selon les instructions du Contr\u00f4leur de Donn\u00e9es ;<\/p>\n<p>&nbsp;<\/p>\n<p><b>Responsable de la protection des donn\u00e9es : <\/b>d\u00e9signe une personne physique ou une personne morale qui est charg\u00e9e de ce qui suit :<\/p>\n<ul>\n<li>informer et conseiller le Contr\u00f4leur et ses Processeurs et ses employ\u00e9s sur le Traitement des Donn\u00e9es \u00e0 caract\u00e8re personnel ;<\/li>\n<li>contr\u00f4ler leur conformit\u00e9 avec le r\u00e8glement (UE) n\u00b0 679\/2016 (RGPD) ;<\/li>\n<li>conseiller sur la r\u00e9daction des \u00c9valuations de l&rsquo;Impact sur la Protection des Donn\u00e9es ;<\/li>\n<li>agir comme point de contact et coop\u00e9rer avec l&rsquo;autorit\u00e9 de contr\u00f4le concern\u00e9e par une plainte ou qui enqu\u00eate sur le Traitement des Donn\u00e9es \u00e0 caract\u00e8re personnel ;<br>\n&nbsp;<\/li>\n<\/ul>\n<p><b>Personne Concern\u00e9e :<\/b> d\u00e9signe une personne physique identifi\u00e9e ou identifiable dont les Donn\u00e9es Personnelles sont trait\u00e9es hors ligne via des formulaires papier ou en ligne via le Site Web et les Applications. Une personne physique identifiable signifie une personne qui peut \u00eatre identifi\u00e9e, de mani\u00e8re directe ou indirecte, \u00e0 partir d&rsquo;un identifiant tel que nom, num\u00e9ro d&rsquo;identification, donn\u00e9es de localisation ou identifiant en ligne, ou \u00e0 partir d&rsquo;un ou plusieurs facteurs sp\u00e9cifiques \u00e0 son identit\u00e9 physique, physiologique, g\u00e9n\u00e9tique, mentale, \u00e9conomique, culturelle ou sociale.<\/p>\n<p>&nbsp;<\/p>\n<p><b>RGPD <\/b>: d\u00e9signe le R\u00e8glement G\u00e9n\u00e9ral sur la Protection des Donn\u00e9es, acronyme du R\u00e8glement (UE) 2016\/679 du Parlement europ\u00e9en et du Conseil du 27 avril 2016 relatif \u00e0 la protection des personnes physiques \u00e0 l&rsquo;\u00e9gard du Traitement des Donn\u00e9es \u00e0 caract\u00e8re personnel et \u00e0 la libre circulation de ces donn\u00e9es, et abrogeant la Directive 95\/46\/CE.<\/p>\n<p>&nbsp;<\/p>\n<p><b>IP :<\/b> d\u00e9signe le num\u00e9ro connu sous le nom d&rsquo;adresse de protocole Internet (IP) qui est attribu\u00e9 \u00e0 tout appareil connect\u00e9 \u00e0 Internet. Les num\u00e9ros sont habituellement attribu\u00e9s par blocs g\u00e9ographiques. Une adresse IP peut souvent \u00eatre utilis\u00e9e pour identifier l&#8217;emplacement \u00e0 partir duquel un dispositif est connect\u00e9 \u00e0 Internet.<br>\n<\/p>\n<p>&nbsp;<\/p>\n<p><b>Int\u00e9r\u00eat L\u00e9gitime<\/b> : signifie un int\u00e9r\u00eat du Contr\u00f4leur ou d&rsquo;un tiers l\u00e9gitime et qui n\u2019outrepasse pas les int\u00e9r\u00eats ou des droits et libert\u00e9s fondamentaux des donn\u00e9es des personnes concern\u00e9es, qui n\u00e9cessite la protection des donn\u00e9es personnelles, en particulier lorsque la personne concern\u00e9e est un enfant.<\/p>\n<p>&nbsp;<\/p>\n<p><b>Contr\u00f4leur de Donn\u00e9es Commun<\/b> : d\u00e9signe une personne physique ou une entit\u00e9 juridique qui d\u00e9termine les fins et les moyens du Traitement des Donn\u00e9es \u00e0 caract\u00e8re personnel ;<\/p>\n<p>&nbsp;<\/p>\n<p><b>Donn\u00e9es personnelles :<\/b> signifie toute information relative \u00e0 une personne physique identifi\u00e9e ou identifiable (\u00ab Personne Concern\u00e9e \u00bb).<\/p>\n<p>&nbsp;<\/p>\n<p><b>Traitement (de Donn\u00e9es \u00e0 caract\u00e8re personnel)<\/b>: d\u00e9signe toute op\u00e9ration ou tout ensemble d&rsquo;op\u00e9rations, effectu\u00e9es ou non \u00e0 l&rsquo;aide de proc\u00e9d\u00e9s automatis\u00e9s, et appliqu\u00e9es \u00e0 des donn\u00e9es \u00e0 caract\u00e8re personnel ou des ensembles de donn\u00e9es \u00e0 caract\u00e8re personnel comme, par exemple, la collecte, l&rsquo;enregistrement, l&rsquo;organisation, la structuration, la conservation, l&rsquo;adaptation ou la modification, l&rsquo;extraction, la consultation, l&rsquo;utilisation, la communication par transmission, diffusion ou toute autre forme de mise \u00e0 disposition, l&rsquo;alignement ou la combinaison, la restriction, l&rsquo;effacement ou la destruction&nbsp;;&nbsp;<br>\n<\/p>\n<p>&nbsp;<\/p>\n<p><b>Profilage (ou profiling)<\/b> : d\u00e9signe toute forme de traitement automatis\u00e9 de donn\u00e9es \u00e0 caract\u00e8re personnel consistant \u00e0 utiliser des donn\u00e9es \u00e0 caract\u00e8re personnel pour \u00e9valuer certains aspects personnels relatifs \u00e0 une personne physique, en particulier pour analyser ou pr\u00e9voir des aspects relatifs aux performances professionnelles de cette personne physique, sant\u00e9, pr\u00e9f\u00e9rences personnelles, int\u00e9r\u00eats, fiabilit\u00e9, comportement, localisation ou mouvements ;<\/p>\n<p>&nbsp;<\/p>\n<p><b>Pseudo-anonymisation <\/b>(ou Pseudo anonyme, ou Pseudo anonymis\u00e9) : d\u00e9signe le Traitement des Donn\u00e9es \u00e0 caract\u00e8re personnel de telle sorte que ces Donn\u00e9es \u00e0 caract\u00e8re personnel ne peuvent plus \u00eatre attribu\u00e9es \u00e0 une Personne Concern\u00e9e sp\u00e9cifique sans le recours \u00e0 des informations suppl\u00e9mentaires, \u00e0 condition que ces informations suppl\u00e9mentaires soient conserv\u00e9es s\u00e9par\u00e9ment et soumises \u00e0 des mesures techniques et organisationnelles pour garantir que les Donn\u00e9es \u00e0 caract\u00e8re personnel ne sont pas attribu\u00e9es \u00e0 une personne physique identifi\u00e9e ou identifiable ;<\/p>\n<p>&nbsp;<\/p>\n<p><b>Int\u00e9r\u00eat public<\/b> : tout int\u00e9r\u00eat public fix\u00e9 par la loi ou exerc\u00e9 par une autorit\u00e9 officielle ;<\/p>\n<p>&nbsp;<\/p>\n<p><b>Cat\u00e9gories sp\u00e9ciales de donn\u00e9es \u00e0 caract\u00e8re personnel<\/b> : toute donn\u00e9e personnelle r\u00e9v\u00e9lant l&rsquo;origine raciale ou ethnique, les opinions politiques, les convictions religieuses ou philosophiques ou l&rsquo;appartenance \u00e0 un syndicat, les donn\u00e9es g\u00e9n\u00e9tiques, les donn\u00e9es biom\u00e9triques destin\u00e9es \u00e0 identifier de mani\u00e8re unique une personne physique concernant la vie sexuelle ou l&rsquo;orientation sexuelle d&rsquo;une personne physique ;<br>\n<\/p>\n<p>&nbsp;<\/p>\n<p><b>Int\u00e9r\u00eat vital<\/b> : tout int\u00e9r\u00eat essentiel pour la vie d&rsquo;une personne concern\u00e9e ou d&rsquo;une autre personne physique.<\/p>\n\t\t\t\t\t\t\t\t<\/div>\n\t\t\t\t<\/div>\n\t\t\t\t\t<\/div>\n\t\t<\/div>\n\t\t\t\t\t<\/div>\n\t\t<\/section>\n\t\t\t\t<\/div>\n\t\t","protected":false},"excerpt":{"rendered":"<p>Applications : signifie tous logiciels, applications (web), outils num\u00e9riques d\u00e9velopp\u00e9s par la soci\u00e9t\u00e9 Groupe Par\u00e9 ou l&rsquo;une de ses filiales europ\u00e9ennes ; &nbsp; Partenaires commerciaux : d\u00e9signe toute personne ou entreprise autonome du la soci\u00e9t\u00e9 Groupe Par\u00e9, mais qui a un certain degr\u00e9 d&rsquo;implication dans les affaires de la soci\u00e9t\u00e9 Groupe Par\u00e9 ou a g\u00e9r\u00e9&hellip;<\/p>\n","protected":false},"author":1,"featured_media":0,"parent":2695,"menu_order":0,"comment_status":"closed","ping_status":"closed","template":"","meta":{"_monsterinsights_skip_tracking":false,"_monsterinsights_sitenote_active":false,"_monsterinsights_sitenote_note":"","_monsterinsights_sitenote_category":0,"footnotes":""},"class_list":["post-2704","page","type-page","status-publish","hentry"],"yoast_head":"<!-- This site is optimized with the Yoast SEO plugin v27.6 - https:\/\/yoast.com\/product\/yoast-seo-wordpress\/ -->\n<title>Termes cl\u00e9s pour la Politique de Protection des Donn\u00e9es - Groupe Par\u00e9<\/title>\n<meta name=\"robots\" content=\"index, follow, max-snippet:-1, max-image-preview:large, max-video-preview:-1\" \/>\n<link rel=\"canonical\" href=\"https:\/\/www.groupepare.com\/index.php\/a-propos-du-groupe-pare\/politique-de-protection-des-donnees\/termes-cles-pour-la-politique-de-protection-des-donnees\/\" \/>\n<meta property=\"og:locale\" content=\"fr_FR\" \/>\n<meta property=\"og:type\" content=\"article\" \/>\n<meta property=\"og:title\" content=\"Termes cl\u00e9s pour la Politique de Protection des Donn\u00e9es - Groupe Par\u00e9\" \/>\n<meta property=\"og:description\" content=\"Applications : signifie tous logiciels, applications (web), outils num\u00e9riques d\u00e9velopp\u00e9s par la soci\u00e9t\u00e9 Groupe Par\u00e9 ou l&rsquo;une de ses filiales europ\u00e9ennes ; &nbsp; Partenaires commerciaux : d\u00e9signe toute personne ou entreprise autonome du la soci\u00e9t\u00e9 Groupe Par\u00e9, mais qui a un certain degr\u00e9 d&rsquo;implication dans les affaires de la soci\u00e9t\u00e9 Groupe Par\u00e9 ou a g\u00e9r\u00e9&hellip;\" \/>\n<meta property=\"og:url\" content=\"https:\/\/www.groupepare.com\/index.php\/a-propos-du-groupe-pare\/politique-de-protection-des-donnees\/termes-cles-pour-la-politique-de-protection-des-donnees\/\" \/>\n<meta property=\"og:site_name\" content=\"Groupe Par\u00e9\" \/>\n<meta property=\"article:modified_time\" content=\"2022-08-04T15:05:00+00:00\" \/>\n<meta name=\"twitter:card\" content=\"summary_large_image\" \/>\n<meta name=\"twitter:label1\" content=\"Dur\u00e9e de lecture estim\u00e9e\" \/>\n\t<meta name=\"twitter:data1\" content=\"5 minutes\" \/>\n<script type=\"application\/ld+json\" class=\"yoast-schema-graph\">{\"@context\":\"https:\\\/\\\/schema.org\",\"@graph\":[{\"@type\":\"WebPage\",\"@id\":\"https:\\\/\\\/www.groupepare.com\\\/index.php\\\/a-propos-du-groupe-pare\\\/politique-de-protection-des-donnees\\\/termes-cles-pour-la-politique-de-protection-des-donnees\\\/\",\"url\":\"https:\\\/\\\/www.groupepare.com\\\/index.php\\\/a-propos-du-groupe-pare\\\/politique-de-protection-des-donnees\\\/termes-cles-pour-la-politique-de-protection-des-donnees\\\/\",\"name\":\"Termes cl\u00e9s pour la Politique de Protection des Donn\u00e9es - Groupe Par\u00e9\",\"isPartOf\":{\"@id\":\"https:\\\/\\\/www.groupepare.com\\\/#website\"},\"datePublished\":\"2022-08-04T15:00:23+00:00\",\"dateModified\":\"2022-08-04T15:05:00+00:00\",\"breadcrumb\":{\"@id\":\"https:\\\/\\\/www.groupepare.com\\\/index.php\\\/a-propos-du-groupe-pare\\\/politique-de-protection-des-donnees\\\/termes-cles-pour-la-politique-de-protection-des-donnees\\\/#breadcrumb\"},\"inLanguage\":\"fr-FR\",\"potentialAction\":[{\"@type\":\"ReadAction\",\"target\":[\"https:\\\/\\\/www.groupepare.com\\\/index.php\\\/a-propos-du-groupe-pare\\\/politique-de-protection-des-donnees\\\/termes-cles-pour-la-politique-de-protection-des-donnees\\\/\"]}]},{\"@type\":\"BreadcrumbList\",\"@id\":\"https:\\\/\\\/www.groupepare.com\\\/index.php\\\/a-propos-du-groupe-pare\\\/politique-de-protection-des-donnees\\\/termes-cles-pour-la-politique-de-protection-des-donnees\\\/#breadcrumb\",\"itemListElement\":[{\"@type\":\"ListItem\",\"position\":1,\"name\":\"Accueil\",\"item\":\"https:\\\/\\\/www.groupepare.com\\\/\"},{\"@type\":\"ListItem\",\"position\":2,\"name\":\"\u00c0 propos du Groupe Par\u00e9\",\"item\":\"https:\\\/\\\/www.groupepare.com\\\/index.php\\\/a-propos-du-groupe-pare\\\/\"},{\"@type\":\"ListItem\",\"position\":3,\"name\":\"Politique de Protection des Donn\u00e9es\",\"item\":\"https:\\\/\\\/www.groupepare.com\\\/index.php\\\/a-propos-du-groupe-pare\\\/politique-de-protection-des-donnees\\\/\"},{\"@type\":\"ListItem\",\"position\":4,\"name\":\"Termes cl\u00e9s pour la Politique de Protection des Donn\u00e9es\"}]},{\"@type\":\"WebSite\",\"@id\":\"https:\\\/\\\/www.groupepare.com\\\/#website\",\"url\":\"https:\\\/\\\/www.groupepare.com\\\/\",\"name\":\"Groupe Par\u00e9\",\"description\":\"Traitement 3D, Assainissement, Bo\u00eetes aux lettres \u00e0 Toulon\",\"publisher\":{\"@id\":\"https:\\\/\\\/www.groupepare.com\\\/#organization\"},\"potentialAction\":[{\"@type\":\"SearchAction\",\"target\":{\"@type\":\"EntryPoint\",\"urlTemplate\":\"https:\\\/\\\/www.groupepare.com\\\/?s={search_term_string}\"},\"query-input\":{\"@type\":\"PropertyValueSpecification\",\"valueRequired\":true,\"valueName\":\"search_term_string\"}}],\"inLanguage\":\"fr-FR\"},{\"@type\":\"Organization\",\"@id\":\"https:\\\/\\\/www.groupepare.com\\\/#organization\",\"name\":\"Groupe Par\u00e9\",\"url\":\"https:\\\/\\\/www.groupepare.com\\\/\",\"logo\":{\"@type\":\"ImageObject\",\"inLanguage\":\"fr-FR\",\"@id\":\"https:\\\/\\\/www.groupepare.com\\\/#\\\/schema\\\/logo\\\/image\\\/\",\"url\":\"https:\\\/\\\/www.groupepare.com\\\/wp-content\\\/uploads\\\/2021\\\/06\\\/Groupe-Pare-logo-200px.png\",\"contentUrl\":\"https:\\\/\\\/www.groupepare.com\\\/wp-content\\\/uploads\\\/2021\\\/06\\\/Groupe-Pare-logo-200px.png\",\"width\":200,\"height\":200,\"caption\":\"Groupe Par\u00e9\"},\"image\":{\"@id\":\"https:\\\/\\\/www.groupepare.com\\\/#\\\/schema\\\/logo\\\/image\\\/\"}}]}<\/script>\n<!-- \/ Yoast SEO plugin. -->","yoast_head_json":{"title":"Termes cl\u00e9s pour la Politique de Protection des Donn\u00e9es - Groupe Par\u00e9","robots":{"index":"index","follow":"follow","max-snippet":"max-snippet:-1","max-image-preview":"max-image-preview:large","max-video-preview":"max-video-preview:-1"},"canonical":"https:\/\/www.groupepare.com\/index.php\/a-propos-du-groupe-pare\/politique-de-protection-des-donnees\/termes-cles-pour-la-politique-de-protection-des-donnees\/","og_locale":"fr_FR","og_type":"article","og_title":"Termes cl\u00e9s pour la Politique de Protection des Donn\u00e9es - Groupe Par\u00e9","og_description":"Applications : signifie tous logiciels, applications (web), outils num\u00e9riques d\u00e9velopp\u00e9s par la soci\u00e9t\u00e9 Groupe Par\u00e9 ou l&rsquo;une de ses filiales europ\u00e9ennes ; &nbsp; Partenaires commerciaux : d\u00e9signe toute personne ou entreprise autonome du la soci\u00e9t\u00e9 Groupe Par\u00e9, mais qui a un certain degr\u00e9 d&rsquo;implication dans les affaires de la soci\u00e9t\u00e9 Groupe Par\u00e9 ou a g\u00e9r\u00e9&hellip;","og_url":"https:\/\/www.groupepare.com\/index.php\/a-propos-du-groupe-pare\/politique-de-protection-des-donnees\/termes-cles-pour-la-politique-de-protection-des-donnees\/","og_site_name":"Groupe Par\u00e9","article_modified_time":"2022-08-04T15:05:00+00:00","twitter_card":"summary_large_image","twitter_misc":{"Dur\u00e9e de lecture estim\u00e9e":"5 minutes"},"schema":{"@context":"https:\/\/schema.org","@graph":[{"@type":"WebPage","@id":"https:\/\/www.groupepare.com\/index.php\/a-propos-du-groupe-pare\/politique-de-protection-des-donnees\/termes-cles-pour-la-politique-de-protection-des-donnees\/","url":"https:\/\/www.groupepare.com\/index.php\/a-propos-du-groupe-pare\/politique-de-protection-des-donnees\/termes-cles-pour-la-politique-de-protection-des-donnees\/","name":"Termes cl\u00e9s pour la Politique de Protection des Donn\u00e9es - Groupe Par\u00e9","isPartOf":{"@id":"https:\/\/www.groupepare.com\/#website"},"datePublished":"2022-08-04T15:00:23+00:00","dateModified":"2022-08-04T15:05:00+00:00","breadcrumb":{"@id":"https:\/\/www.groupepare.com\/index.php\/a-propos-du-groupe-pare\/politique-de-protection-des-donnees\/termes-cles-pour-la-politique-de-protection-des-donnees\/#breadcrumb"},"inLanguage":"fr-FR","potentialAction":[{"@type":"ReadAction","target":["https:\/\/www.groupepare.com\/index.php\/a-propos-du-groupe-pare\/politique-de-protection-des-donnees\/termes-cles-pour-la-politique-de-protection-des-donnees\/"]}]},{"@type":"BreadcrumbList","@id":"https:\/\/www.groupepare.com\/index.php\/a-propos-du-groupe-pare\/politique-de-protection-des-donnees\/termes-cles-pour-la-politique-de-protection-des-donnees\/#breadcrumb","itemListElement":[{"@type":"ListItem","position":1,"name":"Accueil","item":"https:\/\/www.groupepare.com\/"},{"@type":"ListItem","position":2,"name":"\u00c0 propos du Groupe Par\u00e9","item":"https:\/\/www.groupepare.com\/index.php\/a-propos-du-groupe-pare\/"},{"@type":"ListItem","position":3,"name":"Politique de Protection des Donn\u00e9es","item":"https:\/\/www.groupepare.com\/index.php\/a-propos-du-groupe-pare\/politique-de-protection-des-donnees\/"},{"@type":"ListItem","position":4,"name":"Termes cl\u00e9s pour la Politique de Protection des Donn\u00e9es"}]},{"@type":"WebSite","@id":"https:\/\/www.groupepare.com\/#website","url":"https:\/\/www.groupepare.com\/","name":"Groupe Par\u00e9","description":"Traitement 3D, Assainissement, Bo\u00eetes aux lettres \u00e0 Toulon","publisher":{"@id":"https:\/\/www.groupepare.com\/#organization"},"potentialAction":[{"@type":"SearchAction","target":{"@type":"EntryPoint","urlTemplate":"https:\/\/www.groupepare.com\/?s={search_term_string}"},"query-input":{"@type":"PropertyValueSpecification","valueRequired":true,"valueName":"search_term_string"}}],"inLanguage":"fr-FR"},{"@type":"Organization","@id":"https:\/\/www.groupepare.com\/#organization","name":"Groupe Par\u00e9","url":"https:\/\/www.groupepare.com\/","logo":{"@type":"ImageObject","inLanguage":"fr-FR","@id":"https:\/\/www.groupepare.com\/#\/schema\/logo\/image\/","url":"https:\/\/www.groupepare.com\/wp-content\/uploads\/2021\/06\/Groupe-Pare-logo-200px.png","contentUrl":"https:\/\/www.groupepare.com\/wp-content\/uploads\/2021\/06\/Groupe-Pare-logo-200px.png","width":200,"height":200,"caption":"Groupe Par\u00e9"},"image":{"@id":"https:\/\/www.groupepare.com\/#\/schema\/logo\/image\/"}}]}},"_links":{"self":[{"href":"https:\/\/www.groupepare.com\/index.php\/wp-json\/wp\/v2\/pages\/2704","targetHints":{"allow":["GET"]}}],"collection":[{"href":"https:\/\/www.groupepare.com\/index.php\/wp-json\/wp\/v2\/pages"}],"about":[{"href":"https:\/\/www.groupepare.com\/index.php\/wp-json\/wp\/v2\/types\/page"}],"author":[{"embeddable":true,"href":"https:\/\/www.groupepare.com\/index.php\/wp-json\/wp\/v2\/users\/1"}],"replies":[{"embeddable":true,"href":"https:\/\/www.groupepare.com\/index.php\/wp-json\/wp\/v2\/comments?post=2704"}],"version-history":[{"count":5,"href":"https:\/\/www.groupepare.com\/index.php\/wp-json\/wp\/v2\/pages\/2704\/revisions"}],"predecessor-version":[{"id":2710,"href":"https:\/\/www.groupepare.com\/index.php\/wp-json\/wp\/v2\/pages\/2704\/revisions\/2710"}],"up":[{"embeddable":true,"href":"https:\/\/www.groupepare.com\/index.php\/wp-json\/wp\/v2\/pages\/2695"}],"wp:attachment":[{"href":"https:\/\/www.groupepare.com\/index.php\/wp-json\/wp\/v2\/media?parent=2704"}],"curies":[{"name":"wp","href":"https:\/\/api.w.org\/{rel}","templated":true}]}}