{"id":7,"date":"2021-06-22T17:32:52","date_gmt":"2021-06-22T15:32:52","guid":{"rendered":"https:\/\/groupepawo.cluster011.ovh.net\/?page_id=7"},"modified":"2022-06-23T16:07:13","modified_gmt":"2022-06-23T14:07:13","slug":"a-propos-du-groupe-pare","status":"publish","type":"page","link":"https:\/\/www.groupepare.com\/index.php\/a-propos-du-groupe-pare\/","title":{"rendered":"\u00c0 propos du Groupe Par\u00e9"},"content":{"rendered":"\n<figure class=\"wp-block-image size-full\"><img fetchpriority=\"high\" decoding=\"async\" width=\"1903\" height=\"850\" src=\"https:\/\/groupepawo.cluster011.ovh.net\/wp-content\/uploads\/2021\/07\/groupe-pare\u0301-entreprise.jpg\" alt=\"Locaux de l'entreprise Groupe Par\u00e9\" class=\"wp-image-2438\" srcset=\"https:\/\/www.groupepare.com\/wp-content\/uploads\/2021\/07\/groupe-pare\u0301-entreprise.jpg 1903w, https:\/\/www.groupepare.com\/wp-content\/uploads\/2021\/07\/groupe-pare\u0301-entreprise-300x134.jpg 300w, https:\/\/www.groupepare.com\/wp-content\/uploads\/2021\/07\/groupe-pare\u0301-entreprise-1024x457.jpg 1024w, https:\/\/www.groupepare.com\/wp-content\/uploads\/2021\/07\/groupe-pare\u0301-entreprise-768x343.jpg 768w, https:\/\/www.groupepare.com\/wp-content\/uploads\/2021\/07\/groupe-pare\u0301-entreprise-1536x686.jpg 1536w\" sizes=\"(max-width: 1903px) 100vw, 1903px\" \/><\/figure>\n\n\n\n<p>Le <strong>Groupe Par\u00e9<\/strong> vous accueille \u00e0 Six-Fours-les-Plages, dans la zone d\u2019activit\u00e9s de la Millonne, pr\u00e8s de Toulon, dans le Var.<\/p>\n\n\n\n<p>Notre entreprise familiale cr\u00e9\u00e9 en 1981 une premi\u00e8re enseigne, <strong>Ephyvar<\/strong>, qui se d\u00e9veloppe rapidement et s\u2019est agrandie pour donner naissance \u00e0 deux nouvelles entit\u00e9s en 1993 : <strong>D\u00e9bouchage-Assistance<\/strong> et <strong>Eurobox<\/strong>.<\/p>\n\n\n\n<p>Ainsi, chacune de nos enseignes poss\u00e8de son savoir-faire et son professionnalisme afin de vous garantir des services sur mesure de qualit\u00e9.<\/p>\n\n\n\n<p>Forts d\u2019une exp\u00e9rience solide et d\u2019une \u00e9quipe dynamique, r\u00e9active et s\u00e9rieuse, nous sommes aujourd\u2019hui en mesure de r\u00e9pondre \u00e0 vos nombreuses demandes dans divers domaines.<\/p>\n\n\n\n<h2 class=\"wp-block-heading\"><a href=\"https:\/\/groupepawo.cluster011.ovh.net\/index.php\/deratisation-desinsectisation-desinfection-toulon\/\">Ephyvar, sp\u00e9cialiste 3D = D\u00e9ratisation + D\u00e9sinsectisation + D\u00e9sinfection<\/a><\/h2>\n\n\n\n<p>Vous \u00eates g\u00ean\u00e9 par des insectes ou des rongeurs : faites appel \u00e0 Ephyvar, pour un traitement 3D (D\u00e9sinfection, D\u00e9ratisation, D\u00e9sinsectisation). De plus, nous pouvons entretenir vide-ordures ou VMC sanitaire et gaz, avec un diagnostic mauvaises odeurs et un ramonage de conduits si besoin.<br>Sp\u00e9cialis\u00e9e dans la lutte antiparasitaire, Ephyvar vous d\u00e9barrasse des rongeurs, des insectes volants ou rampants dans les plus brefs d\u00e9lais.Gr\u00e2ce \u00e0 notre service de <strong>d\u00e9ratisation, d\u00e9sinsectisation, d\u00e9sinfection<\/strong> et d\u00e9moustication, pr\u00e9servez-vous des nuisibles et vivez en lieu sain !\u00c9galement, nous nous occupons de l\u2019entretien par <strong>hydrocurage des vide-ordures<\/strong>, ainsi que de l<strong>\u2019entretien des VMC<\/strong> sanitaire et gaz. Un diagnostic sp\u00e9cifique peut identifier l\u2019origine (ou les origines) de mauvaises odeurs. enfin, nous r\u00e9alisons le ramonage de conduits d\u2019extraction.<\/p>\n\n\n\n<h2 class=\"wp-block-heading\">D\u00e9bouchage-Assistance : l\u2019assainissement et la plomberie<\/h2>\n\n\n\n<p>Avec D\u00e9bouchage-Assistance, nous nous d\u00e9pla\u00e7ons rapidement pour le d\u00e9pannage de votre plomberie, ainsi que pour des travaux d\u2019assainissement, avec une inspection vid\u00e9o et radiod\u00e9tection.<br>D\u00e9bouchage-Assistance, comme son nom l\u2019indique, concerne le domaine de l\u2019assainissement et de la plomberie avec un \u00e9ventail d\u2019interventions : d\u00e9bouchage de canalisations, assainissement collectif ou individuel, curage, vidange et entretien d\u2019installations autonomes (fosses septiques et fosses toutes eaux), d\u00e9sembouage, hydrocurage, pompage de bacs \u00e0 graisses, entretien de microstations, recherche de fuites y compris pour les piscines, etc. Pour cette enseigne, une permanence t\u00e9l\u00e9phonique est assur\u00e9e 7j\/7. Nous r\u00e9alisons \u00e9galement un d\u00e9pannage rapide en cas de fuite d\u2019eau, qu\u2019il s\u2019agisse d\u2019un robinet, d\u2019un W.-C. ou d\u2019une piscine.<\/p>\n\n\n\n<p>Il va s\u2019en dire que toutes ces activit\u00e9s n\u00e9cessitent l\u2019utilisation d\u2019un mat\u00e9riel tr\u00e8s sp\u00e9cialis\u00e9, depuis le camion hydrocureur, jusqu\u2019\u00e0 la vid\u00e9o\u2026<\/p>\n\n\n\n<h2 class=\"wp-block-heading\">Eurobox : installation de bo\u00eetes aux lettres collectives<\/h2>\n\n\n\n<p>Eurobox propose l\u2019installation de bo\u00eetes aux lettres normalis\u00e9es pour l\u2019habitat collectif, ou encore la gravure de plaques nominatives.<br>Faites appel \u00e0 Eurobox pour l\u2019installation soign\u00e9e de bo\u00eetes aux lettres normalis\u00e9es pour les collectivit\u00e9s, ou pour la gravure d\u2019une plaque nominative.En r\u00e9sum\u00e9 : nous nous d\u00e9pla\u00e7ons tant pour les particuliers que pour les professionnels et les collectivit\u00e9s. Faites confiance \u00e0 notre s\u00e9rieux et notre r\u00e9activit\u00e9. Nous vous fournissons de nombreux conseils personnalis\u00e9s et \u00e9tablissons un devis gratuit pour tous vos travaux.<\/p>\n","protected":false},"excerpt":{"rendered":"<p>Le Groupe Par\u00e9 vous accueille \u00e0 Six-Fours-les-Plages, dans la zone d\u2019activit\u00e9s de la Millonne, pr\u00e8s de Toulon, dans le Var. Notre entreprise familiale cr\u00e9\u00e9 en 1981 une premi\u00e8re enseigne, Ephyvar, qui se d\u00e9veloppe rapidement et s\u2019est agrandie pour donner naissance \u00e0 deux nouvelles entit\u00e9s en 1993 : D\u00e9bouchage-Assistance et Eurobox. Ainsi, chacune de nos enseignes&hellip;<\/p>\n","protected":false},"author":1,"featured_media":0,"parent":0,"menu_order":0,"comment_status":"closed","ping_status":"closed","template":"","meta":{"_monsterinsights_skip_tracking":false,"_monsterinsights_sitenote_active":false,"_monsterinsights_sitenote_note":"","_monsterinsights_sitenote_category":0,"footnotes":""},"class_list":["post-7","page","type-page","status-publish","hentry","description-off"],"yoast_head":"<!-- This site is optimized with the Yoast SEO plugin v27.5 - https:\/\/yoast.com\/product\/yoast-seo-wordpress\/ -->\n<title>\u00c0 propos du Groupe Par\u00e9<\/title>\n<meta name=\"description\" content=\"Groupe Par\u00e9 \u00e0 Six-Fours-les-Plages : Ephyvar, Assistance D\u00e9bouchage, Eurobox. D\u00e9ratisation, d\u00e9bouchage canalisations, gravure de plaques.\" \/>\n<meta name=\"robots\" content=\"index, follow, max-snippet:-1, max-image-preview:large, max-video-preview:-1\" \/>\n<link rel=\"canonical\" href=\"https:\/\/www.groupepare.com\/index.php\/a-propos-du-groupe-pare\/\" \/>\n<meta property=\"og:locale\" content=\"fr_FR\" \/>\n<meta property=\"og:type\" content=\"article\" \/>\n<meta property=\"og:title\" content=\"\u00c0 propos du Groupe Par\u00e9\" \/>\n<meta property=\"og:description\" content=\"Groupe Par\u00e9 \u00e0 Six-Fours-les-Plages : Ephyvar, Assistance D\u00e9bouchage, Eurobox. D\u00e9ratisation, d\u00e9bouchage canalisations, gravure de plaques.\" \/>\n<meta property=\"og:url\" content=\"https:\/\/www.groupepare.com\/index.php\/a-propos-du-groupe-pare\/\" \/>\n<meta property=\"og:site_name\" content=\"Groupe Par\u00e9\" \/>\n<meta property=\"article:modified_time\" content=\"2022-06-23T14:07:13+00:00\" \/>\n<meta name=\"twitter:card\" content=\"summary_large_image\" \/>\n<meta name=\"twitter:label1\" content=\"Dur\u00e9e de lecture estim\u00e9e\" \/>\n\t<meta name=\"twitter:data1\" content=\"3 minutes\" \/>\n<script type=\"application\/ld+json\" class=\"yoast-schema-graph\">{\"@context\":\"https:\\\/\\\/schema.org\",\"@graph\":[{\"@type\":\"WebPage\",\"@id\":\"https:\\\/\\\/www.groupepare.com\\\/index.php\\\/a-propos-du-groupe-pare\\\/\",\"url\":\"https:\\\/\\\/www.groupepare.com\\\/index.php\\\/a-propos-du-groupe-pare\\\/\",\"name\":\"\u00c0 propos du Groupe Par\u00e9\",\"isPartOf\":{\"@id\":\"https:\\\/\\\/www.groupepare.com\\\/#website\"},\"datePublished\":\"2021-06-22T15:32:52+00:00\",\"dateModified\":\"2022-06-23T14:07:13+00:00\",\"description\":\"Groupe Par\u00e9 \u00e0 Six-Fours-les-Plages : Ephyvar, Assistance D\u00e9bouchage, Eurobox. D\u00e9ratisation, d\u00e9bouchage canalisations, gravure de plaques.\",\"breadcrumb\":{\"@id\":\"https:\\\/\\\/www.groupepare.com\\\/index.php\\\/a-propos-du-groupe-pare\\\/#breadcrumb\"},\"inLanguage\":\"fr-FR\",\"potentialAction\":[{\"@type\":\"ReadAction\",\"target\":[\"https:\\\/\\\/www.groupepare.com\\\/index.php\\\/a-propos-du-groupe-pare\\\/\"]}]},{\"@type\":\"BreadcrumbList\",\"@id\":\"https:\\\/\\\/www.groupepare.com\\\/index.php\\\/a-propos-du-groupe-pare\\\/#breadcrumb\",\"itemListElement\":[{\"@type\":\"ListItem\",\"position\":1,\"name\":\"Accueil\",\"item\":\"https:\\\/\\\/www.groupepare.com\\\/\"},{\"@type\":\"ListItem\",\"position\":2,\"name\":\"\u00c0 propos du Groupe Par\u00e9\"}]},{\"@type\":\"WebSite\",\"@id\":\"https:\\\/\\\/www.groupepare.com\\\/#website\",\"url\":\"https:\\\/\\\/www.groupepare.com\\\/\",\"name\":\"Groupe Par\u00e9\",\"description\":\"Traitement 3D, Assainissement, Bo\u00eetes aux lettres \u00e0 Toulon\",\"publisher\":{\"@id\":\"https:\\\/\\\/www.groupepare.com\\\/#organization\"},\"potentialAction\":[{\"@type\":\"SearchAction\",\"target\":{\"@type\":\"EntryPoint\",\"urlTemplate\":\"https:\\\/\\\/www.groupepare.com\\\/?s={search_term_string}\"},\"query-input\":{\"@type\":\"PropertyValueSpecification\",\"valueRequired\":true,\"valueName\":\"search_term_string\"}}],\"inLanguage\":\"fr-FR\"},{\"@type\":\"Organization\",\"@id\":\"https:\\\/\\\/www.groupepare.com\\\/#organization\",\"name\":\"Groupe Par\u00e9\",\"url\":\"https:\\\/\\\/www.groupepare.com\\\/\",\"logo\":{\"@type\":\"ImageObject\",\"inLanguage\":\"fr-FR\",\"@id\":\"https:\\\/\\\/www.groupepare.com\\\/#\\\/schema\\\/logo\\\/image\\\/\",\"url\":\"https:\\\/\\\/www.groupepare.com\\\/wp-content\\\/uploads\\\/2021\\\/06\\\/Groupe-Pare-logo-200px.png\",\"contentUrl\":\"https:\\\/\\\/www.groupepare.com\\\/wp-content\\\/uploads\\\/2021\\\/06\\\/Groupe-Pare-logo-200px.png\",\"width\":200,\"height\":200,\"caption\":\"Groupe Par\u00e9\"},\"image\":{\"@id\":\"https:\\\/\\\/www.groupepare.com\\\/#\\\/schema\\\/logo\\\/image\\\/\"}}]}<\/script>\n<!-- \/ Yoast SEO plugin. -->","yoast_head_json":{"title":"\u00c0 propos du Groupe Par\u00e9","description":"Groupe Par\u00e9 \u00e0 Six-Fours-les-Plages : Ephyvar, Assistance D\u00e9bouchage, Eurobox. D\u00e9ratisation, d\u00e9bouchage canalisations, gravure de plaques.","robots":{"index":"index","follow":"follow","max-snippet":"max-snippet:-1","max-image-preview":"max-image-preview:large","max-video-preview":"max-video-preview:-1"},"canonical":"https:\/\/www.groupepare.com\/index.php\/a-propos-du-groupe-pare\/","og_locale":"fr_FR","og_type":"article","og_title":"\u00c0 propos du Groupe Par\u00e9","og_description":"Groupe Par\u00e9 \u00e0 Six-Fours-les-Plages : Ephyvar, Assistance D\u00e9bouchage, Eurobox. D\u00e9ratisation, d\u00e9bouchage canalisations, gravure de plaques.","og_url":"https:\/\/www.groupepare.com\/index.php\/a-propos-du-groupe-pare\/","og_site_name":"Groupe Par\u00e9","article_modified_time":"2022-06-23T14:07:13+00:00","twitter_card":"summary_large_image","twitter_misc":{"Dur\u00e9e de lecture estim\u00e9e":"3 minutes"},"schema":{"@context":"https:\/\/schema.org","@graph":[{"@type":"WebPage","@id":"https:\/\/www.groupepare.com\/index.php\/a-propos-du-groupe-pare\/","url":"https:\/\/www.groupepare.com\/index.php\/a-propos-du-groupe-pare\/","name":"\u00c0 propos du Groupe Par\u00e9","isPartOf":{"@id":"https:\/\/www.groupepare.com\/#website"},"datePublished":"2021-06-22T15:32:52+00:00","dateModified":"2022-06-23T14:07:13+00:00","description":"Groupe Par\u00e9 \u00e0 Six-Fours-les-Plages : Ephyvar, Assistance D\u00e9bouchage, Eurobox. D\u00e9ratisation, d\u00e9bouchage canalisations, gravure de plaques.","breadcrumb":{"@id":"https:\/\/www.groupepare.com\/index.php\/a-propos-du-groupe-pare\/#breadcrumb"},"inLanguage":"fr-FR","potentialAction":[{"@type":"ReadAction","target":["https:\/\/www.groupepare.com\/index.php\/a-propos-du-groupe-pare\/"]}]},{"@type":"BreadcrumbList","@id":"https:\/\/www.groupepare.com\/index.php\/a-propos-du-groupe-pare\/#breadcrumb","itemListElement":[{"@type":"ListItem","position":1,"name":"Accueil","item":"https:\/\/www.groupepare.com\/"},{"@type":"ListItem","position":2,"name":"\u00c0 propos du Groupe Par\u00e9"}]},{"@type":"WebSite","@id":"https:\/\/www.groupepare.com\/#website","url":"https:\/\/www.groupepare.com\/","name":"Groupe Par\u00e9","description":"Traitement 3D, Assainissement, Bo\u00eetes aux lettres \u00e0 Toulon","publisher":{"@id":"https:\/\/www.groupepare.com\/#organization"},"potentialAction":[{"@type":"SearchAction","target":{"@type":"EntryPoint","urlTemplate":"https:\/\/www.groupepare.com\/?s={search_term_string}"},"query-input":{"@type":"PropertyValueSpecification","valueRequired":true,"valueName":"search_term_string"}}],"inLanguage":"fr-FR"},{"@type":"Organization","@id":"https:\/\/www.groupepare.com\/#organization","name":"Groupe Par\u00e9","url":"https:\/\/www.groupepare.com\/","logo":{"@type":"ImageObject","inLanguage":"fr-FR","@id":"https:\/\/www.groupepare.com\/#\/schema\/logo\/image\/","url":"https:\/\/www.groupepare.com\/wp-content\/uploads\/2021\/06\/Groupe-Pare-logo-200px.png","contentUrl":"https:\/\/www.groupepare.com\/wp-content\/uploads\/2021\/06\/Groupe-Pare-logo-200px.png","width":200,"height":200,"caption":"Groupe Par\u00e9"},"image":{"@id":"https:\/\/www.groupepare.com\/#\/schema\/logo\/image\/"}}]}},"_links":{"self":[{"href":"https:\/\/www.groupepare.com\/index.php\/wp-json\/wp\/v2\/pages\/7","targetHints":{"allow":["GET"]}}],"collection":[{"href":"https:\/\/www.groupepare.com\/index.php\/wp-json\/wp\/v2\/pages"}],"about":[{"href":"https:\/\/www.groupepare.com\/index.php\/wp-json\/wp\/v2\/types\/page"}],"author":[{"embeddable":true,"href":"https:\/\/www.groupepare.com\/index.php\/wp-json\/wp\/v2\/users\/1"}],"replies":[{"embeddable":true,"href":"https:\/\/www.groupepare.com\/index.php\/wp-json\/wp\/v2\/comments?post=7"}],"version-history":[{"count":6,"href":"https:\/\/www.groupepare.com\/index.php\/wp-json\/wp\/v2\/pages\/7\/revisions"}],"predecessor-version":[{"id":2674,"href":"https:\/\/www.groupepare.com\/index.php\/wp-json\/wp\/v2\/pages\/7\/revisions\/2674"}],"wp:attachment":[{"href":"https:\/\/www.groupepare.com\/index.php\/wp-json\/wp\/v2\/media?parent=7"}],"curies":[{"name":"wp","href":"https:\/\/api.w.org\/{rel}","templated":true}]}}